{"id":1393,"date":"2022-07-28T18:50:11","date_gmt":"2022-07-28T16:50:11","guid":{"rendered":"http:\/\/aquasmart.com.pl\/?page_id=1393"},"modified":"2024-05-25T13:26:17","modified_gmt":"2024-05-25T11:26:17","slug":"technologia-smart","status":"publish","type":"page","link":"http:\/\/aquasmart.com.pl\/?page_id=1393","title":{"rendered":"Oferta &#8211; Technologia Aquasmart"},"content":{"rendered":"\t\t<div data-elementor-type=\"wp-page\" data-elementor-id=\"1393\" class=\"elementor elementor-1393\">\n\t\t\t\t\t\t\t\t\t<section class=\"elementor-section elementor-top-section elementor-element elementor-element-d50ba40 elementor-section-boxed elementor-section-height-default elementor-section-height-default\" data-id=\"d50ba40\" data-element_type=\"section\">\n\t\t\t\t\t\t<div class=\"elementor-container elementor-column-gap-default\">\n\t\t\t\t\t<div class=\"elementor-column elementor-col-100 elementor-top-column elementor-element elementor-element-26f0649\" data-id=\"26f0649\" data-element_type=\"column\">\n\t\t\t<div class=\"elementor-widget-wrap elementor-element-populated\">\n\t\t\t\t\t\t\t\t<div class=\"elementor-element elementor-element-81998c6 elementor-widget elementor-widget-heading\" data-id=\"81998c6\" data-element_type=\"widget\" data-widget_type=\"heading.default\">\n\t\t\t\t<div class=\"elementor-widget-container\">\n\t\t\t<style>\/*! elementor - v3.6.4 - 13-04-2022 *\/\n.elementor-heading-title{padding:0;margin:0;line-height:1}.elementor-widget-heading .elementor-heading-title[class*=elementor-size-]>a{color:inherit;font-size:inherit;line-height:inherit}.elementor-widget-heading .elementor-heading-title.elementor-size-small{font-size:15px}.elementor-widget-heading .elementor-heading-title.elementor-size-medium{font-size:19px}.elementor-widget-heading .elementor-heading-title.elementor-size-large{font-size:29px}.elementor-widget-heading .elementor-heading-title.elementor-size-xl{font-size:39px}.elementor-widget-heading .elementor-heading-title.elementor-size-xxl{font-size:59px}<\/style><h2 class=\"elementor-heading-title elementor-size-default\">Technologia Smart <\/h2>\t\t<\/div>\n\t\t\t\t<\/div>\n\t\t\t\t\t<\/div>\n\t\t<\/div>\n\t\t\t\t\t\t\t<\/div>\n\t\t<\/section>\n\t\t\t\t<section class=\"elementor-section elementor-top-section elementor-element elementor-element-eca8132 elementor-section-boxed elementor-section-height-default elementor-section-height-default\" data-id=\"eca8132\" data-element_type=\"section\">\n\t\t\t\t\t\t<div class=\"elementor-container elementor-column-gap-default\">\n\t\t\t\t\t<div class=\"elementor-column elementor-col-100 elementor-top-column elementor-element elementor-element-727d177\" data-id=\"727d177\" data-element_type=\"column\">\n\t\t\t<div class=\"elementor-widget-wrap elementor-element-populated\">\n\t\t\t\t\t\t\t\t<div class=\"elementor-element elementor-element-a6777d7 elementor-widget elementor-widget-text-editor\" data-id=\"a6777d7\" data-element_type=\"widget\" data-widget_type=\"text-editor.default\">\n\t\t\t\t<div class=\"elementor-widget-container\">\n\t\t\t<style>\/*! elementor - v3.6.4 - 13-04-2022 *\/\n.elementor-widget-text-editor.elementor-drop-cap-view-stacked .elementor-drop-cap{background-color:#818a91;color:#fff}.elementor-widget-text-editor.elementor-drop-cap-view-framed .elementor-drop-cap{color:#818a91;border:3px solid;background-color:transparent}.elementor-widget-text-editor:not(.elementor-drop-cap-view-default) .elementor-drop-cap{margin-top:8px}.elementor-widget-text-editor:not(.elementor-drop-cap-view-default) .elementor-drop-cap-letter{width:1em;height:1em}.elementor-widget-text-editor .elementor-drop-cap{float:left;text-align:center;line-height:1;font-size:50px}.elementor-widget-text-editor .elementor-drop-cap-letter{display:inline-block}<\/style>\t\t\t\t<p class=\"MsoNormal\" style=\"text-align:justify\">Technologia AquaSmart pozwala na\nbudow\u0119 inteligentnych system\u00f3w zarz\u0105dzania zasobami wodnymi w budynkach lub\ninstalacjach, o r\u00f3\u017cnym przeznaczeniu. Mog\u0105 to by\u0107 budynki prywatne, komercyjne\nlub publiczne u\u017cytkowane ca\u0142orocznie lub sezonowo. Systemy doskonale nadaj\u0105 si\u0119\nte\u017c do instalacji przemys\u0142owych, gdzie cz\u0119sto sterowanie dotyczy kilku obieg\u00f3w\nwody. Rozwi\u0105zania AquaSmart bazuj\u0105 na technologii IoT, kt\u00f3ra \u0142\u0105czy zaawansowan\u0105\nelektronik\u0119 z nowoczesnym dedykowanym oprogramowaniem. Narz\u0119dzia cyfrowe\npozwalaj\u0105 na sprawne zarz\u0105dzanie r\u00f3\u017cnymi procesami zwi\u0105zanymi z gospodarowaniem\nzasobami wodnymi. Najwa\u017cniejsze z nich to uzdatnianie wody, monitoring jej\nparametr\u00f3w oraz sterowanie. Istotnymi komponentami system\u00f3w s\u0105 instalacje oraz\nurz\u0105dzenia s\u0142u\u017c\u0105ce do retencji oraz recyrkulacji wody, kt\u00f3rych praca jest\nusprawniona poprzez implementacj\u0119 technologii IoT, co znacznie optymalizuje\nzu\u017cycie wody. Inteligentne systemy zarz\u0105dzania wod\u0105 AquaSmart stanowi\u0105 bardzo\ninnowacyjn\u0105 oraz atrakcyjn\u0105 ofert\u0119 na rynku, kt\u00f3ra sprosta wymaganiom klient\u00f3w\nposzukuj\u0105cych zaawansowanych, cyfrowych rozwi\u0105za\u0144.&nbsp;<o:p><\/o:p><\/p>\t\t\t\t\t\t<\/div>\n\t\t\t\t<\/div>\n\t\t\t\t\t<\/div>\n\t\t<\/div>\n\t\t\t\t\t\t\t<\/div>\n\t\t<\/section>\n\t\t\t\t<section class=\"elementor-section elementor-top-section elementor-element elementor-element-34e9094 elementor-section-boxed elementor-section-height-default elementor-section-height-default\" data-id=\"34e9094\" data-element_type=\"section\">\n\t\t\t\t\t\t<div class=\"elementor-container elementor-column-gap-default\">\n\t\t\t\t\t<div class=\"elementor-column elementor-col-100 elementor-top-column elementor-element elementor-element-ede8e13\" data-id=\"ede8e13\" data-element_type=\"column\">\n\t\t\t<div class=\"elementor-widget-wrap elementor-element-populated\">\n\t\t\t\t\t\t\t\t<div class=\"elementor-element elementor-element-d763997 elementor-widget elementor-widget-image\" data-id=\"d763997\" data-element_type=\"widget\" data-widget_type=\"image.default\">\n\t\t\t\t<div class=\"elementor-widget-container\">\n\t\t\t<style>\/*! elementor - v3.6.4 - 13-04-2022 *\/\n.elementor-widget-image{text-align:center}.elementor-widget-image a{display:inline-block}.elementor-widget-image a img[src$=\".svg\"]{width:48px}.elementor-widget-image img{vertical-align:middle;display:inline-block}<\/style>\t\t\t\t\t\t\t\t\t\t\t\t<img decoding=\"async\" src=\"http:\/\/aquasmart.com.pl\/wp-content\/uploads\/elementor\/thumbs\/businessman-using-tablet-analyzing-sales-data-and-economic-growth-picture-id1150199386-psftcqphiy4iyb866qc2py7j7ga6tfhkdm3tgijng0.png\" title=\"businessman-using-tablet-analyzing-sales-data-and-economic-growth-picture-id1150199386\" alt=\"businessman-using-tablet-analyzing-sales-data-and-economic-growth-picture-id1150199386\" \/>\t\t\t\t\t\t\t\t\t\t\t\t\t\t\t<\/div>\n\t\t\t\t<\/div>\n\t\t\t\t\t<\/div>\n\t\t<\/div>\n\t\t\t\t\t\t\t<\/div>\n\t\t<\/section>\n\t\t\t\t\t\t\t<\/div>\n\t\t","protected":false},"excerpt":{"rendered":"<p>Technologia Smart Technologia AquaSmart pozwala na budow\u0119 inteligentnych system\u00f3w zarz\u0105dzania zasobami wodnymi w budynkach lub instalacjach, o r\u00f3\u017cnym przeznaczeniu. Mog\u0105 to by\u0107 budynki prywatne, komercyjne&hellip;<\/p>\n","protected":false},"author":1,"featured_media":0,"parent":0,"menu_order":0,"comment_status":"closed","ping_status":"closed","template":"","meta":{"om_disable_all_campaigns":false,"_monsterinsights_skip_tracking":false,"_monsterinsights_sitenote_active":false,"_monsterinsights_sitenote_note":"","_monsterinsights_sitenote_category":0,"_uf_show_specific_survey":0,"_uf_disable_surveys":false,"footnotes":""},"class_list":["post-1393","page","type-page","status-publish","hentry"],"_links":{"self":[{"href":"http:\/\/aquasmart.com.pl\/index.php?rest_route=\/wp\/v2\/pages\/1393","targetHints":{"allow":["GET"]}}],"collection":[{"href":"http:\/\/aquasmart.com.pl\/index.php?rest_route=\/wp\/v2\/pages"}],"about":[{"href":"http:\/\/aquasmart.com.pl\/index.php?rest_route=\/wp\/v2\/types\/page"}],"author":[{"embeddable":true,"href":"http:\/\/aquasmart.com.pl\/index.php?rest_route=\/wp\/v2\/users\/1"}],"replies":[{"embeddable":true,"href":"http:\/\/aquasmart.com.pl\/index.php?rest_route=%2Fwp%2Fv2%2Fcomments&post=1393"}],"version-history":[{"count":69,"href":"http:\/\/aquasmart.com.pl\/index.php?rest_route=\/wp\/v2\/pages\/1393\/revisions"}],"predecessor-version":[{"id":5097,"href":"http:\/\/aquasmart.com.pl\/index.php?rest_route=\/wp\/v2\/pages\/1393\/revisions\/5097"}],"wp:attachment":[{"href":"http:\/\/aquasmart.com.pl\/index.php?rest_route=%2Fwp%2Fv2%2Fmedia&parent=1393"}],"curies":[{"name":"wp","href":"https:\/\/api.w.org\/{rel}","templated":true}]}}