{"id":1750,"date":"2023-06-14T18:22:52","date_gmt":"2023-06-14T16:22:52","guid":{"rendered":"http:\/\/aquasmart.com.pl\/?page_id=1750"},"modified":"2024-05-25T13:45:25","modified_gmt":"2024-05-25T11:45:25","slug":"inteligentny-ogrod","status":"publish","type":"page","link":"http:\/\/aquasmart.com.pl\/?page_id=1750","title":{"rendered":"Oferta -Systemy irrygacyjne"},"content":{"rendered":"\t\t<div data-elementor-type=\"wp-page\" data-elementor-id=\"1750\" class=\"elementor elementor-1750\">\n\t\t\t\t\t\t\t\t\t<section class=\"elementor-section elementor-top-section elementor-element elementor-element-2468ce0 elementor-section-boxed elementor-section-height-default elementor-section-height-default\" data-id=\"2468ce0\" data-element_type=\"section\">\n\t\t\t\t\t\t<div class=\"elementor-container elementor-column-gap-default\">\n\t\t\t\t\t<div class=\"elementor-column elementor-col-100 elementor-top-column elementor-element elementor-element-c2ef316\" data-id=\"c2ef316\" data-element_type=\"column\">\n\t\t\t<div class=\"elementor-widget-wrap elementor-element-populated\">\n\t\t\t\t\t\t\t\t<div class=\"elementor-element elementor-element-afa226d elementor-widget elementor-widget-heading\" data-id=\"afa226d\" data-element_type=\"widget\" data-widget_type=\"heading.default\">\n\t\t\t\t<div class=\"elementor-widget-container\">\n\t\t\t<style>\/*! elementor - v3.6.4 - 13-04-2022 *\/\n.elementor-heading-title{padding:0;margin:0;line-height:1}.elementor-widget-heading .elementor-heading-title[class*=elementor-size-]>a{color:inherit;font-size:inherit;line-height:inherit}.elementor-widget-heading .elementor-heading-title.elementor-size-small{font-size:15px}.elementor-widget-heading .elementor-heading-title.elementor-size-medium{font-size:19px}.elementor-widget-heading .elementor-heading-title.elementor-size-large{font-size:29px}.elementor-widget-heading .elementor-heading-title.elementor-size-xl{font-size:39px}.elementor-widget-heading .elementor-heading-title.elementor-size-xxl{font-size:59px}<\/style><h2 class=\"elementor-heading-title elementor-size-default\">Inteligentny ogr\u00f3d<\/h2>\t\t<\/div>\n\t\t\t\t<\/div>\n\t\t\t\t\t<\/div>\n\t\t<\/div>\n\t\t\t\t\t\t\t<\/div>\n\t\t<\/section>\n\t\t\t\t<section class=\"elementor-section elementor-top-section elementor-element elementor-element-f80ae79 elementor-section-content-middle elementor-section-full_width elementor-section-height-default elementor-section-height-default\" data-id=\"f80ae79\" data-element_type=\"section\">\n\t\t\t\t\t\t<div class=\"elementor-container elementor-column-gap-default\">\n\t\t\t\t\t<div class=\"elementor-column elementor-col-50 elementor-top-column elementor-element elementor-element-5c1b448\" data-id=\"5c1b448\" data-element_type=\"column\">\n\t\t\t<div class=\"elementor-widget-wrap elementor-element-populated\">\n\t\t\t\t\t\t\t\t<div class=\"elementor-element elementor-element-b4adcf8 elementor-widget elementor-widget-text-editor\" data-id=\"b4adcf8\" data-element_type=\"widget\" data-widget_type=\"text-editor.default\">\n\t\t\t\t<div class=\"elementor-widget-container\">\n\t\t\t<style>\/*! elementor - v3.6.4 - 13-04-2022 *\/\n.elementor-widget-text-editor.elementor-drop-cap-view-stacked .elementor-drop-cap{background-color:#818a91;color:#fff}.elementor-widget-text-editor.elementor-drop-cap-view-framed .elementor-drop-cap{color:#818a91;border:3px solid;background-color:transparent}.elementor-widget-text-editor:not(.elementor-drop-cap-view-default) .elementor-drop-cap{margin-top:8px}.elementor-widget-text-editor:not(.elementor-drop-cap-view-default) .elementor-drop-cap-letter{width:1em;height:1em}.elementor-widget-text-editor .elementor-drop-cap{float:left;text-align:center;line-height:1;font-size:50px}.elementor-widget-text-editor .elementor-drop-cap-letter{display:inline-block}<\/style>\t\t\t\t<p>Systemy AquaSmart pozwalaj\u0105 na inteligentne zarz\u0105dzanie wod\u0105 w ogrodzie. W zale\u017cno\u015b\u0107 od powierzchni teren\u00f3w zielonych wydzielone s\u0105 sekcje ogrodowe. Cz\u0119stotliwo\u015b\u0107 ich podlewania mo\u017ce by\u0107 systemowo ustawiona na okre\u015blone godziny i dni tygodnia oraz uzale\u017cniona od odczyt\u00f3w z czujnika wilgotno\u015bci gleby.<\/p>\t\t\t\t\t\t<\/div>\n\t\t\t\t<\/div>\n\t\t\t\t<div class=\"elementor-element elementor-element-a7b1a06 elementor-widget elementor-widget-image\" data-id=\"a7b1a06\" data-element_type=\"widget\" data-widget_type=\"image.default\">\n\t\t\t\t<div class=\"elementor-widget-container\">\n\t\t\t<style>\/*! elementor - v3.6.4 - 13-04-2022 *\/\n.elementor-widget-image{text-align:center}.elementor-widget-image a{display:inline-block}.elementor-widget-image a img[src$=\".svg\"]{width:48px}.elementor-widget-image img{vertical-align:middle;display:inline-block}<\/style>\t\t\t\t\t\t\t\t\t\t\t\t<img loading=\"lazy\" decoding=\"async\" width=\"843\" height=\"483\" src=\"http:\/\/aquasmart.com.pl\/wp-content\/uploads\/2024\/01\/ustawienia-podlewania.png\" class=\"attachment-large size-large\" alt=\"\" srcset=\"http:\/\/aquasmart.com.pl\/wp-content\/uploads\/2024\/01\/ustawienia-podlewania.png 903w, http:\/\/aquasmart.com.pl\/wp-content\/uploads\/2024\/01\/ustawienia-podlewania-300x172.png 300w, http:\/\/aquasmart.com.pl\/wp-content\/uploads\/2024\/01\/ustawienia-podlewania-768x440.png 768w\" sizes=\"auto, (max-width: 843px) 100vw, 843px\" \/>\t\t\t\t\t\t\t\t\t\t\t\t\t\t\t<\/div>\n\t\t\t\t<\/div>\n\t\t\t\t\t<\/div>\n\t\t<\/div>\n\t\t\t\t<div class=\"elementor-column elementor-col-50 elementor-top-column elementor-element elementor-element-9d4ad84\" data-id=\"9d4ad84\" data-element_type=\"column\">\n\t\t\t<div class=\"elementor-widget-wrap elementor-element-populated\">\n\t\t\t\t\t\t\t\t<div class=\"elementor-element elementor-element-e780563 elementor-widget elementor-widget-image\" data-id=\"e780563\" data-element_type=\"widget\" data-widget_type=\"image.default\">\n\t\t\t\t<div class=\"elementor-widget-container\">\n\t\t\t\t\t\t\t\t\t\t\t\t\t\t\t<img loading=\"lazy\" decoding=\"async\" width=\"843\" height=\"519\" src=\"http:\/\/aquasmart.com.pl\/wp-content\/uploads\/2024\/01\/parametry-ogrod-1024x630.png\" class=\"attachment-large size-large\" alt=\"\" srcset=\"http:\/\/aquasmart.com.pl\/wp-content\/uploads\/2024\/01\/parametry-ogrod-1024x630.png 1024w, http:\/\/aquasmart.com.pl\/wp-content\/uploads\/2024\/01\/parametry-ogrod-300x185.png 300w, http:\/\/aquasmart.com.pl\/wp-content\/uploads\/2024\/01\/parametry-ogrod-768x473.png 768w, http:\/\/aquasmart.com.pl\/wp-content\/uploads\/2024\/01\/parametry-ogrod.png 1474w\" sizes=\"auto, (max-width: 843px) 100vw, 843px\" \/>\t\t\t\t\t\t\t\t\t\t\t\t\t\t\t<\/div>\n\t\t\t\t<\/div>\n\t\t\t\t\t<\/div>\n\t\t<\/div>\n\t\t\t\t\t\t\t<\/div>\n\t\t<\/section>\n\t\t\t\t<section class=\"elementor-section elementor-top-section elementor-element elementor-element-a8a26a4 elementor-section-boxed elementor-section-height-default elementor-section-height-default\" data-id=\"a8a26a4\" data-element_type=\"section\">\n\t\t\t\t\t\t<div class=\"elementor-container elementor-column-gap-default\">\n\t\t\t\t\t<div class=\"elementor-column elementor-col-50 elementor-top-column elementor-element elementor-element-aa86113\" data-id=\"aa86113\" data-element_type=\"column\">\n\t\t\t<div class=\"elementor-widget-wrap elementor-element-populated\">\n\t\t\t\t\t\t\t\t<div class=\"elementor-element elementor-element-e94c2f6 elementor-widget elementor-widget-text-editor\" data-id=\"e94c2f6\" data-element_type=\"widget\" data-widget_type=\"text-editor.default\">\n\t\t\t\t<div class=\"elementor-widget-container\">\n\t\t\t\t\t\t\t<p>Inteligentne systemy podlewania ogrodu\u00a0nie s\u0105 nowo\u015bci\u0105. Unikatowo\u015b\u0107 systemu\u00a0<strong>Aqua<\/strong><strong>Smart\u00a0<\/strong>polega na zarz\u0105dzaniu r\u00f3\u017cnymi rodzajami wody. Sekcje ogrodowe mog\u0105 by\u0107 zasilane\u00a0 wod\u0105 deszczow\u0105, uzdatnion\u0105 kanalizacyjn\u0105 lub wodoci\u0105gowa. System decyduje o wyborze okre\u015blonej wody analizuj\u0105c dane z czujnik\u00f3w zasolenia, ph, m\u0119tno\u015bci, tlenu, poziomu. U\u017cytkownik mo\u017ce te\u017c samodzielnie przekierowa\u0107 konkretn\u0105 wod\u0119 do okre\u015blonej sekcji lub modyfikowa\u0107 ustawienia systemu zgodnie z w\u0142asnymi preferencjami lub wymaganiami wegetacyjnymi ro\u015blin.<\/p>\t\t\t\t\t\t<\/div>\n\t\t\t\t<\/div>\n\t\t\t\t\t<\/div>\n\t\t<\/div>\n\t\t\t\t<div class=\"elementor-column elementor-col-50 elementor-top-column elementor-element elementor-element-18f602c\" data-id=\"18f602c\" data-element_type=\"column\">\n\t\t\t<div class=\"elementor-widget-wrap elementor-element-populated\">\n\t\t\t\t\t\t\t\t<div class=\"elementor-element elementor-element-0906716 elementor-widget elementor-widget-image\" data-id=\"0906716\" data-element_type=\"widget\" data-widget_type=\"image.default\">\n\t\t\t\t<div class=\"elementor-widget-container\">\n\t\t\t\t\t\t\t\t\t\t\t\t\t\t\t<img loading=\"lazy\" decoding=\"async\" width=\"843\" height=\"477\" src=\"http:\/\/aquasmart.com.pl\/wp-content\/uploads\/2024\/01\/ustawienia-wod-1-1024x580.png\" class=\"attachment-large size-large\" alt=\"\" srcset=\"http:\/\/aquasmart.com.pl\/wp-content\/uploads\/2024\/01\/ustawienia-wod-1-1024x580.png 1024w, http:\/\/aquasmart.com.pl\/wp-content\/uploads\/2024\/01\/ustawienia-wod-1-300x170.png 300w, http:\/\/aquasmart.com.pl\/wp-content\/uploads\/2024\/01\/ustawienia-wod-1-768x435.png 768w, http:\/\/aquasmart.com.pl\/wp-content\/uploads\/2024\/01\/ustawienia-wod-1.png 1420w\" sizes=\"auto, (max-width: 843px) 100vw, 843px\" \/>\t\t\t\t\t\t\t\t\t\t\t\t\t\t\t<\/div>\n\t\t\t\t<\/div>\n\t\t\t\t\t<\/div>\n\t\t<\/div>\n\t\t\t\t\t\t\t<\/div>\n\t\t<\/section>\n\t\t\t\t\t\t\t<\/div>\n\t\t","protected":false},"excerpt":{"rendered":"<p>Inteligentny ogr\u00f3d Systemy AquaSmart pozwalaj\u0105 na inteligentne zarz\u0105dzanie wod\u0105 w ogrodzie. W zale\u017cno\u015b\u0107 od powierzchni teren\u00f3w zielonych wydzielone s\u0105 sekcje ogrodowe. Cz\u0119stotliwo\u015b\u0107 ich podlewania mo\u017ce&hellip;<\/p>\n","protected":false},"author":1,"featured_media":0,"parent":0,"menu_order":0,"comment_status":"closed","ping_status":"closed","template":"","meta":{"om_disable_all_campaigns":false,"_monsterinsights_skip_tracking":false,"_monsterinsights_sitenote_active":false,"_monsterinsights_sitenote_note":"","_monsterinsights_sitenote_category":0,"_uf_show_specific_survey":0,"_uf_disable_surveys":false,"footnotes":""},"class_list":["post-1750","page","type-page","status-publish","hentry"],"_links":{"self":[{"href":"http:\/\/aquasmart.com.pl\/index.php?rest_route=\/wp\/v2\/pages\/1750","targetHints":{"allow":["GET"]}}],"collection":[{"href":"http:\/\/aquasmart.com.pl\/index.php?rest_route=\/wp\/v2\/pages"}],"about":[{"href":"http:\/\/aquasmart.com.pl\/index.php?rest_route=\/wp\/v2\/types\/page"}],"author":[{"embeddable":true,"href":"http:\/\/aquasmart.com.pl\/index.php?rest_route=\/wp\/v2\/users\/1"}],"replies":[{"embeddable":true,"href":"http:\/\/aquasmart.com.pl\/index.php?rest_route=%2Fwp%2Fv2%2Fcomments&post=1750"}],"version-history":[{"count":98,"href":"http:\/\/aquasmart.com.pl\/index.php?rest_route=\/wp\/v2\/pages\/1750\/revisions"}],"predecessor-version":[{"id":5112,"href":"http:\/\/aquasmart.com.pl\/index.php?rest_route=\/wp\/v2\/pages\/1750\/revisions\/5112"}],"wp:attachment":[{"href":"http:\/\/aquasmart.com.pl\/index.php?rest_route=%2Fwp%2Fv2%2Fmedia&parent=1750"}],"curies":[{"name":"wp","href":"https:\/\/api.w.org\/{rel}","templated":true}]}}