{"id":1807,"date":"2023-06-14T19:31:00","date_gmt":"2023-06-14T17:31:00","guid":{"rendered":"http:\/\/aquasmart.com.pl\/?page_id=1807"},"modified":"2024-06-15T01:57:38","modified_gmt":"2024-06-14T23:57:38","slug":"system-sterowania-duplicate-1423","status":"publish","type":"page","link":"http:\/\/aquasmart.com.pl\/?page_id=1807","title":{"rendered":"Oferta &#8211; System zarzadzania woda"},"content":{"rendered":"\t\t<div data-elementor-type=\"wp-page\" data-elementor-id=\"1807\" class=\"elementor elementor-1807\">\n\t\t\t\t\t\t\t\t\t<section class=\"elementor-section elementor-top-section elementor-element elementor-element-20cc80c elementor-section-boxed elementor-section-height-default elementor-section-height-default\" data-id=\"20cc80c\" data-element_type=\"section\">\n\t\t\t\t\t\t<div class=\"elementor-container elementor-column-gap-default\">\n\t\t\t\t\t<div class=\"elementor-column elementor-col-100 elementor-top-column elementor-element elementor-element-6d569d9\" data-id=\"6d569d9\" data-element_type=\"column\">\n\t\t\t<div class=\"elementor-widget-wrap elementor-element-populated\">\n\t\t\t\t\t\t\t\t<div class=\"elementor-element elementor-element-51a2424 elementor-widget elementor-widget-heading\" data-id=\"51a2424\" data-element_type=\"widget\" data-widget_type=\"heading.default\">\n\t\t\t\t<div class=\"elementor-widget-container\">\n\t\t\t<style>\/*! elementor - v3.6.4 - 13-04-2022 *\/\n.elementor-heading-title{padding:0;margin:0;line-height:1}.elementor-widget-heading .elementor-heading-title[class*=elementor-size-]>a{color:inherit;font-size:inherit;line-height:inherit}.elementor-widget-heading .elementor-heading-title.elementor-size-small{font-size:15px}.elementor-widget-heading .elementor-heading-title.elementor-size-medium{font-size:19px}.elementor-widget-heading .elementor-heading-title.elementor-size-large{font-size:29px}.elementor-widget-heading .elementor-heading-title.elementor-size-xl{font-size:39px}.elementor-widget-heading .elementor-heading-title.elementor-size-xxl{font-size:59px}<\/style><h2 class=\"elementor-heading-title elementor-size-default\">Zarz\u0105dzanie przep\u0142ywami <\/h2>\t\t<\/div>\n\t\t\t\t<\/div>\n\t\t\t\t\t<\/div>\n\t\t<\/div>\n\t\t\t\t\t\t\t<\/div>\n\t\t<\/section>\n\t\t\t\t<section class=\"elementor-section elementor-top-section elementor-element elementor-element-179af48 elementor-section-boxed elementor-section-height-default elementor-section-height-default\" data-id=\"179af48\" data-element_type=\"section\">\n\t\t\t\t\t\t<div class=\"elementor-container elementor-column-gap-default\">\n\t\t\t\t\t<div class=\"elementor-column elementor-col-33 elementor-top-column elementor-element elementor-element-a19bb3b\" data-id=\"a19bb3b\" data-element_type=\"column\">\n\t\t\t<div class=\"elementor-widget-wrap elementor-element-populated\">\n\t\t\t\t\t\t\t\t<div class=\"elementor-element elementor-element-c83fa03 elementor-widget elementor-widget-text-editor\" data-id=\"c83fa03\" data-element_type=\"widget\" data-widget_type=\"text-editor.default\">\n\t\t\t\t<div class=\"elementor-widget-container\">\n\t\t\t<style>\/*! elementor - v3.6.4 - 13-04-2022 *\/\n.elementor-widget-text-editor.elementor-drop-cap-view-stacked .elementor-drop-cap{background-color:#818a91;color:#fff}.elementor-widget-text-editor.elementor-drop-cap-view-framed .elementor-drop-cap{color:#818a91;border:3px solid;background-color:transparent}.elementor-widget-text-editor:not(.elementor-drop-cap-view-default) .elementor-drop-cap{margin-top:8px}.elementor-widget-text-editor:not(.elementor-drop-cap-view-default) .elementor-drop-cap-letter{width:1em;height:1em}.elementor-widget-text-editor .elementor-drop-cap{float:left;text-align:center;line-height:1;font-size:50px}.elementor-widget-text-editor .elementor-drop-cap-letter{display:inline-block}<\/style>\t\t\t\t<p>Technologia AquaSmart pozwala na sterowanie wod\u0105 zasilan\u0105 z r\u00f3\u017cnych \u017ar\u00f3de\u0142. Mo\u017ce to by\u0107 woda z uj\u0119cia miejskiego lub gminnego, studni, oczyszczona woda opadowa lub kanalizacyjna.\u00a0<span style=\"color: var( --e-global-color-text ); font-family: var( --e-global-typography-text-font-family ), Sans-serif; font-weight: var( --e-global-typography-text-font-weight );\">W przypadku instalacji przemys\u0142owych mog\u0105 to by\u0107 wody techniczne r\u00f3\u017cnego pochodzenia.\u00a0<\/span><span style=\"color: var( --e-global-color-text ); font-family: var( --e-global-typography-text-font-family ), Sans-serif; font-weight: var( --e-global-typography-text-font-weight );\">System inteligentnie zarz\u0105dza przep\u0142ywami wody i na bie\u017c\u0105co przekierowuje j\u0105 do w\u0142a\u015bciwych punkt\u00f3w czerpalnych na podstawie analizy parametr\u00f3w technicznych i jako\u015bciowych badanych w trybie ci\u0105g\u0142ym. \u00a0Kryteria na podstawie, kt\u00f3rych ustalane s\u0105 normy dla parametr\u00f3w wody zale\u017cne s\u0105 od specyfiki instalacji, preferencji u\u017cytkownika lub uwarunkowa\u0144 formalno-prawnych<\/span><\/p>\t\t\t\t\t\t<\/div>\n\t\t\t\t<\/div>\n\t\t\t\t\t<\/div>\n\t\t<\/div>\n\t\t\t\t<div class=\"elementor-column elementor-col-66 elementor-top-column elementor-element elementor-element-e9ad04c\" data-id=\"e9ad04c\" data-element_type=\"column\">\n\t\t\t<div class=\"elementor-widget-wrap elementor-element-populated\">\n\t\t\t\t\t\t\t\t<div class=\"elementor-element elementor-element-09d0a27 elementor-widget elementor-widget-image\" data-id=\"09d0a27\" data-element_type=\"widget\" data-widget_type=\"image.default\">\n\t\t\t\t<div class=\"elementor-widget-container\">\n\t\t\t<style>\/*! elementor - v3.6.4 - 13-04-2022 *\/\n.elementor-widget-image{text-align:center}.elementor-widget-image a{display:inline-block}.elementor-widget-image a img[src$=\".svg\"]{width:48px}.elementor-widget-image img{vertical-align:middle;display:inline-block}<\/style>\t\t\t\t\t\t\t\t\t\t\t\t<img decoding=\"async\" src=\"http:\/\/aquasmart.com.pl\/wp-content\/uploads\/elementor\/thumbs\/zarzadzanie-przeplywami-qixwfzoen4jkol2xbejtdhwmlv6bnn9g08gevejjcc.png\" title=\"zarz\u0105dzanie przep\u0142ywami\" alt=\"zarz\u0105dzanie przep\u0142ywami\" \/>\t\t\t\t\t\t\t\t\t\t\t\t\t\t\t<\/div>\n\t\t\t\t<\/div>\n\t\t\t\t\t<\/div>\n\t\t<\/div>\n\t\t\t\t\t\t\t<\/div>\n\t\t<\/section>\n\t\t\t\t<section class=\"elementor-section elementor-top-section elementor-element elementor-element-bffa862 elementor-section-boxed elementor-section-height-default elementor-section-height-default\" data-id=\"bffa862\" data-element_type=\"section\">\n\t\t\t\t\t\t<div class=\"elementor-container elementor-column-gap-default\">\n\t\t\t\t\t<div class=\"elementor-column elementor-col-50 elementor-top-column elementor-element elementor-element-44f6253\" data-id=\"44f6253\" data-element_type=\"column\">\n\t\t\t<div class=\"elementor-widget-wrap elementor-element-populated\">\n\t\t\t\t\t\t\t\t<div class=\"elementor-element elementor-element-5eb945f elementor-widget elementor-widget-text-editor\" data-id=\"5eb945f\" data-element_type=\"widget\" data-widget_type=\"text-editor.default\">\n\t\t\t\t<div class=\"elementor-widget-container\">\n\t\t\t\t\t\t\t\t\t\t\t\t\t<\/div>\n\t\t\t\t<\/div>\n\t\t\t\t<div class=\"elementor-element elementor-element-02a8a71 elementor-widget elementor-widget-image\" data-id=\"02a8a71\" data-element_type=\"widget\" data-widget_type=\"image.default\">\n\t\t\t\t<div class=\"elementor-widget-container\">\n\t\t\t\t\t\t\t\t\t\t\t\t\t\t\t<img loading=\"lazy\" decoding=\"async\" width=\"585\" height=\"724\" src=\"http:\/\/aquasmart.com.pl\/wp-content\/uploads\/2024\/01\/tabela-jakosci.png\" class=\"attachment-medium_large size-medium_large\" alt=\"\" srcset=\"http:\/\/aquasmart.com.pl\/wp-content\/uploads\/2024\/01\/tabela-jakosci.png 585w, http:\/\/aquasmart.com.pl\/wp-content\/uploads\/2024\/01\/tabela-jakosci-242x300.png 242w\" sizes=\"auto, (max-width: 585px) 100vw, 585px\" \/>\t\t\t\t\t\t\t\t\t\t\t\t\t\t\t<\/div>\n\t\t\t\t<\/div>\n\t\t\t\t\t<\/div>\n\t\t<\/div>\n\t\t\t\t<div class=\"elementor-column elementor-col-50 elementor-top-column elementor-element elementor-element-72ddf34\" data-id=\"72ddf34\" data-element_type=\"column\">\n\t\t\t<div class=\"elementor-widget-wrap elementor-element-populated\">\n\t\t\t\t\t\t\t\t<div class=\"elementor-element elementor-element-eaea17c elementor-widget elementor-widget-text-editor\" data-id=\"eaea17c\" data-element_type=\"widget\" data-widget_type=\"text-editor.default\">\n\t\t\t\t<div class=\"elementor-widget-container\">\n\t\t\t\t\t\t\t\t\t\t\t\t\t<\/div>\n\t\t\t\t<\/div>\n\t\t\t\t<div class=\"elementor-element elementor-element-02279e4 elementor-widget elementor-widget-text-editor\" data-id=\"02279e4\" data-element_type=\"widget\" data-widget_type=\"text-editor.default\">\n\t\t\t\t<div class=\"elementor-widget-container\">\n\t\t\t\t\t\t\t<p>Analiza parametr\u00f3w odbywa si\u0119 na bie\u017c\u0105co w interwa\u0142ach minutowych. W przypadku przekroczenia norm woda przesterowana jest do kanalizacji, a do punktu czerpalnego kierowana jest woda z innego obiegu, kt\u00f3rej parametry s\u0105 odpowiednie. Na tym etapie sterowanie jest r\u00f3wnie\u017c wzbogacone o inteligentne algorytmy zarz\u0105dzaj\u0105ce, kt\u00f3re umo\u017cliwiaj\u0105 wykorzystanie w pierwszej kolejno\u015bci wody, kt\u00f3ra jest mniej istotna dla u\u017cytkownika. Na przyk\u0142ad w przypadku wieloobiegowych system\u00f3w retencji i recyrkulacji przekroczenie norm na wodzie szarej skutkuje tym, \u017ce system do punkt\u00f3w czerpalnych najpierw \u00a0kieruje uzdatnion\u0105 wod\u0119 opadow\u0105. Woda wodoci\u0105gowa wykorzystywana jest jedynie w przypadku przekroczenia norm na obu wodach.<span style=\"font-weight: var( --e-global-typography-text-font-weight );\"> Ustawienia systemowe pozwalaj\u0105 r\u00f3wnie\u017c na czasowe lub sta\u0142e wy\u0142\u0105czenie kontroli poszczeg\u00f3lnych parametr\u00f3w, co czyni system bardziej elastycznym dla u\u017cytkownika.<\/span><\/p><p><span style=\"font-weight: var( --e-global-typography-text-font-weight );\">\u00a0<\/span><\/p>\t\t\t\t\t\t<\/div>\n\t\t\t\t<\/div>\n\t\t\t\t\t<\/div>\n\t\t<\/div>\n\t\t\t\t\t\t\t<\/div>\n\t\t<\/section>\n\t\t\t\t<section class=\"elementor-section elementor-top-section elementor-element elementor-element-6e7b5df elementor-section-boxed elementor-section-height-default elementor-section-height-default\" data-id=\"6e7b5df\" data-element_type=\"section\">\n\t\t\t\t\t\t<div class=\"elementor-container elementor-column-gap-default\">\n\t\t\t\t\t<div class=\"elementor-column elementor-col-50 elementor-top-column elementor-element elementor-element-3914cbb\" data-id=\"3914cbb\" data-element_type=\"column\">\n\t\t\t<div class=\"elementor-widget-wrap elementor-element-populated\">\n\t\t\t\t\t\t\t\t<div class=\"elementor-element elementor-element-1811b7a elementor-widget elementor-widget-text-editor\" data-id=\"1811b7a\" data-element_type=\"widget\" data-widget_type=\"text-editor.default\">\n\t\t\t\t<div class=\"elementor-widget-container\">\n\t\t\t\t\t\t\t<p>\u00a0<\/p><p>\u00a0<\/p><p>Inteligentne sterowanie jest istotne z punktu widzenia zapewnienia odpowiednich parametr\u00f3w jako\u015bciowych wody. Pozwala r\u00f3wnie\u017c na optymalizacj\u0119 pracy system\u00f3w i racjonalne zu\u017cycie wody dzi\u0119ki kontroli parametr\u00f3w technicznych.\u00a0 \u00a0<span style=\"font-weight: var( --e-global-typography-text-font-weight );\">Na przyk\u0142ad <\/span>je\u015bli ci\u015bnienie lub stopie\u0144 nape\u0142nienia zbiornika jest poza normami, system przekierowuje do punkt\u00f3w czerpalnych wod\u0119, kt\u00f3ra te parametry spe\u0142nia.<\/p><p><span style=\"color: var( --e-global-color-text ); font-family: var( --e-global-typography-text-font-family ), Sans-serif; font-weight: var( --e-global-typography-text-font-weight );\">\u00a0<\/span><\/p><p><span style=\"color: var( --e-global-color-text ); font-family: var( --e-global-typography-text-font-family ), Sans-serif; font-weight: var( --e-global-typography-text-font-weight );\">\u00a0<\/span><\/p>\t\t\t\t\t\t<\/div>\n\t\t\t\t<\/div>\n\t\t\t\t\t<\/div>\n\t\t<\/div>\n\t\t\t\t<div class=\"elementor-column elementor-col-50 elementor-top-column elementor-element elementor-element-c64e413\" data-id=\"c64e413\" data-element_type=\"column\">\n\t\t\t<div class=\"elementor-widget-wrap elementor-element-populated\">\n\t\t\t\t\t\t\t\t<div class=\"elementor-element elementor-element-ef02a13 elementor-widget elementor-widget-image\" data-id=\"ef02a13\" data-element_type=\"widget\" data-widget_type=\"image.default\">\n\t\t\t\t<div class=\"elementor-widget-container\">\n\t\t\t\t\t\t\t\t\t\t\t\t\t\t\t<img loading=\"lazy\" decoding=\"async\" width=\"843\" height=\"572\" src=\"http:\/\/aquasmart.com.pl\/wp-content\/uploads\/2024\/01\/zasilanie.png\" class=\"attachment-large size-large\" alt=\"\" srcset=\"http:\/\/aquasmart.com.pl\/wp-content\/uploads\/2024\/01\/zasilanie.png 962w, http:\/\/aquasmart.com.pl\/wp-content\/uploads\/2024\/01\/zasilanie-300x204.png 300w, http:\/\/aquasmart.com.pl\/wp-content\/uploads\/2024\/01\/zasilanie-768x521.png 768w\" sizes=\"auto, (max-width: 843px) 100vw, 843px\" \/>\t\t\t\t\t\t\t\t\t\t\t\t\t\t\t<\/div>\n\t\t\t\t<\/div>\n\t\t\t\t\t<\/div>\n\t\t<\/div>\n\t\t\t\t\t\t\t<\/div>\n\t\t<\/section>\n\t\t\t\t<section class=\"elementor-section elementor-top-section elementor-element elementor-element-f4a3a88 elementor-section-boxed elementor-section-height-default elementor-section-height-default\" data-id=\"f4a3a88\" data-element_type=\"section\">\n\t\t\t\t\t\t<div class=\"elementor-container elementor-column-gap-default\">\n\t\t\t\t\t<div class=\"elementor-column elementor-col-100 elementor-top-column elementor-element elementor-element-fd234b5\" data-id=\"fd234b5\" data-element_type=\"column\">\n\t\t\t<div class=\"elementor-widget-wrap elementor-element-populated\">\n\t\t\t\t\t\t\t\t<div class=\"elementor-element elementor-element-f7556d7 elementor-widget elementor-widget-heading\" data-id=\"f7556d7\" data-element_type=\"widget\" data-widget_type=\"heading.default\">\n\t\t\t\t<div class=\"elementor-widget-container\">\n\t\t\t<h2 class=\"elementor-heading-title elementor-size-default\">\n\nZarz\u0105dzanie wod\u0105 w zbiornikach retencyjnych<\/h2>\t\t<\/div>\n\t\t\t\t<\/div>\n\t\t\t\t\t<\/div>\n\t\t<\/div>\n\t\t\t\t\t\t\t<\/div>\n\t\t<\/section>\n\t\t\t\t<section class=\"elementor-section elementor-top-section elementor-element elementor-element-64a6818 elementor-section-boxed elementor-section-height-default elementor-section-height-default\" data-id=\"64a6818\" data-element_type=\"section\">\n\t\t\t\t\t\t<div class=\"elementor-container elementor-column-gap-default\">\n\t\t\t\t\t<div class=\"elementor-column elementor-col-100 elementor-top-column elementor-element elementor-element-8b8c3e5\" data-id=\"8b8c3e5\" data-element_type=\"column\">\n\t\t\t<div class=\"elementor-widget-wrap elementor-element-populated\">\n\t\t\t\t\t\t\t\t<div class=\"elementor-element elementor-element-ab14eda elementor-widget elementor-widget-text-editor\" data-id=\"ab14eda\" data-element_type=\"widget\" data-widget_type=\"text-editor.default\">\n\t\t\t\t<div class=\"elementor-widget-container\">\n\t\t\t\t\t\t\t<p>Stopie\u0144 nape\u0142nienia zbiornik\u00f3w jest monitorowany w trybie ci\u0105g\u0142ym. W zale\u017cno\u015bci od wymog\u00f3w technologicznych system\u00f3w, przewidywanych opad\u00f3w lub dop\u0142yw\u00f3w mog\u0105 by\u0107 zainicjowane kontrolowane zrzuty wody lub przekierowanie do innych zbiornik\u00f3w. W przypadku system\u00f3w retencji i recyrkulacji przepe\u0142nienie zbiornika wody deszczowej powoduje przekierowanie jej do zbiornika wody szarej. Skutkuje to zaoszcz\u0119dzeniem energii potrzebnej do filtracji oraz optymalnym wykorzystaniem pojemno\u015bci zbiornik\u00f3w. Systemy mog\u0105 r\u00f3wnie\u017c\u00a0 zarz\u0105dza\u0107 poziomami nape\u0142nienia zbiornik\u00f3w na podstawie analizy predykcji i danych pogodowych, kt\u00f3re s\u0105 pobierane na bie\u017c\u0105co.<\/p>\t\t\t\t\t\t<\/div>\n\t\t\t\t<\/div>\n\t\t\t\t\t<\/div>\n\t\t<\/div>\n\t\t\t\t\t\t\t<\/div>\n\t\t<\/section>\n\t\t\t\t<section class=\"elementor-section elementor-top-section elementor-element elementor-element-63e7958 elementor-section-boxed elementor-section-height-default elementor-section-height-default\" data-id=\"63e7958\" data-element_type=\"section\">\n\t\t\t\t\t\t<div class=\"elementor-container elementor-column-gap-default\">\n\t\t\t\t\t<div class=\"elementor-column elementor-col-33 elementor-top-column elementor-element elementor-element-a199020\" data-id=\"a199020\" data-element_type=\"column\">\n\t\t\t<div class=\"elementor-widget-wrap elementor-element-populated\">\n\t\t\t\t\t\t\t\t<div class=\"elementor-element elementor-element-fa62bf3 elementor-widget elementor-widget-image\" data-id=\"fa62bf3\" data-element_type=\"widget\" data-widget_type=\"image.default\">\n\t\t\t\t<div class=\"elementor-widget-container\">\n\t\t\t\t\t\t\t\t\t\t\t\t\t\t\t<img loading=\"lazy\" decoding=\"async\" width=\"300\" height=\"273\" src=\"http:\/\/aquasmart.com.pl\/wp-content\/uploads\/2024\/01\/zbiorniki-300x273.png\" class=\"attachment-medium size-medium\" alt=\"\" srcset=\"http:\/\/aquasmart.com.pl\/wp-content\/uploads\/2024\/01\/zbiorniki-300x273.png 300w, http:\/\/aquasmart.com.pl\/wp-content\/uploads\/2024\/01\/zbiorniki.png 658w\" sizes=\"auto, (max-width: 300px) 100vw, 300px\" \/>\t\t\t\t\t\t\t\t\t\t\t\t\t\t\t<\/div>\n\t\t\t\t<\/div>\n\t\t\t\t\t<\/div>\n\t\t<\/div>\n\t\t\t\t<div class=\"elementor-column elementor-col-33 elementor-top-column elementor-element elementor-element-7b755fb\" data-id=\"7b755fb\" data-element_type=\"column\">\n\t\t\t<div class=\"elementor-widget-wrap\">\n\t\t\t\t\t\t\t\t\t<\/div>\n\t\t<\/div>\n\t\t\t\t<div class=\"elementor-column elementor-col-33 elementor-top-column elementor-element elementor-element-fba9433\" data-id=\"fba9433\" data-element_type=\"column\">\n\t\t\t<div class=\"elementor-widget-wrap elementor-element-populated\">\n\t\t\t\t\t\t\t\t<div class=\"elementor-element elementor-element-6ead485 elementor-widget elementor-widget-image\" data-id=\"6ead485\" data-element_type=\"widget\" data-widget_type=\"image.default\">\n\t\t\t\t<div class=\"elementor-widget-container\">\n\t\t\t\t\t\t\t\t\t\t\t\t\t\t\t<img loading=\"lazy\" decoding=\"async\" width=\"843\" height=\"384\" src=\"http:\/\/aquasmart.com.pl\/wp-content\/uploads\/2024\/01\/predykcje-1024x466.png\" class=\"attachment-large size-large\" alt=\"\" srcset=\"http:\/\/aquasmart.com.pl\/wp-content\/uploads\/2024\/01\/predykcje-1024x466.png 1024w, http:\/\/aquasmart.com.pl\/wp-content\/uploads\/2024\/01\/predykcje-300x137.png 300w, http:\/\/aquasmart.com.pl\/wp-content\/uploads\/2024\/01\/predykcje-768x350.png 768w, http:\/\/aquasmart.com.pl\/wp-content\/uploads\/2024\/01\/predykcje.png 1250w\" sizes=\"auto, (max-width: 843px) 100vw, 843px\" \/>\t\t\t\t\t\t\t\t\t\t\t\t\t\t\t<\/div>\n\t\t\t\t<\/div>\n\t\t\t\t\t<\/div>\n\t\t<\/div>\n\t\t\t\t\t\t\t<\/div>\n\t\t<\/section>\n\t\t\t\t<section class=\"elementor-section elementor-top-section elementor-element elementor-element-a84a038 elementor-section-boxed elementor-section-height-default elementor-section-height-default\" data-id=\"a84a038\" data-element_type=\"section\">\n\t\t\t\t\t\t<div class=\"elementor-container elementor-column-gap-default\">\n\t\t\t\t\t<div class=\"elementor-column elementor-col-100 elementor-top-column elementor-element elementor-element-63281d9\" data-id=\"63281d9\" data-element_type=\"column\">\n\t\t\t<div class=\"elementor-widget-wrap elementor-element-populated\">\n\t\t\t\t\t\t\t\t<div class=\"elementor-element elementor-element-9666701 elementor-widget elementor-widget-heading\" data-id=\"9666701\" data-element_type=\"widget\" data-widget_type=\"heading.default\">\n\t\t\t\t<div class=\"elementor-widget-container\">\n\t\t\t<h2 class=\"elementor-heading-title elementor-size-default\"><br>Zarz\u0105dzanie wod\u0105 w procesach filtracji<br><\/h2>\t\t<\/div>\n\t\t\t\t<\/div>\n\t\t\t\t\t<\/div>\n\t\t<\/div>\n\t\t\t\t\t\t\t<\/div>\n\t\t<\/section>\n\t\t\t\t<section class=\"elementor-section elementor-top-section elementor-element elementor-element-6d3a124 elementor-section-boxed elementor-section-height-default elementor-section-height-default\" data-id=\"6d3a124\" data-element_type=\"section\">\n\t\t\t\t\t\t<div class=\"elementor-container elementor-column-gap-default\">\n\t\t\t\t\t<div class=\"elementor-column elementor-col-50 elementor-top-column elementor-element elementor-element-48164f8\" data-id=\"48164f8\" data-element_type=\"column\">\n\t\t\t<div class=\"elementor-widget-wrap elementor-element-populated\">\n\t\t\t\t\t\t\t\t<div class=\"elementor-element elementor-element-782a217 elementor-widget elementor-widget-image\" data-id=\"782a217\" data-element_type=\"widget\" data-widget_type=\"image.default\">\n\t\t\t\t<div class=\"elementor-widget-container\">\n\t\t\t\t\t\t\t\t\t\t\t\t\t\t\t<img loading=\"lazy\" decoding=\"async\" width=\"808\" height=\"641\" src=\"http:\/\/aquasmart.com.pl\/wp-content\/uploads\/2024\/01\/filtracja.png\" class=\"attachment-large size-large\" alt=\"\" srcset=\"http:\/\/aquasmart.com.pl\/wp-content\/uploads\/2024\/01\/filtracja.png 808w, http:\/\/aquasmart.com.pl\/wp-content\/uploads\/2024\/01\/filtracja-300x238.png 300w, http:\/\/aquasmart.com.pl\/wp-content\/uploads\/2024\/01\/filtracja-768x609.png 768w\" sizes=\"auto, (max-width: 808px) 100vw, 808px\" \/>\t\t\t\t\t\t\t\t\t\t\t\t\t\t\t<\/div>\n\t\t\t\t<\/div>\n\t\t\t\t\t<\/div>\n\t\t<\/div>\n\t\t\t\t<div class=\"elementor-column elementor-col-50 elementor-top-column elementor-element elementor-element-e03476c\" data-id=\"e03476c\" data-element_type=\"column\">\n\t\t\t<div class=\"elementor-widget-wrap elementor-element-populated\">\n\t\t\t\t\t\t\t\t<div class=\"elementor-element elementor-element-881c123 elementor-widget elementor-widget-text-editor\" data-id=\"881c123\" data-element_type=\"widget\" data-widget_type=\"text-editor.default\">\n\t\t\t\t<div class=\"elementor-widget-container\">\n\t\t\t\t\t\t\t<p>Inteligentne zarz\u0105dzanie wod\u0105 przyczynia si\u0119 r\u00f3wnie\u017c do optymalizacji proces\u00f3w filtracyjnych poprzez powi\u0105zanie ich z parametrami jako\u015bciowymi i technicznymi wody.<\/p><p><span style=\"font-weight: var( --e-global-typography-text-font-weight );\">G\u0142\u00f3wne przewagi technologiczne system\u00f3w filtracji AquaSmart<\/span><\/p><ul><li>Na podstawie odczyt\u00f3w z czujnik\u00f3w technicznych system analizuje stopie\u0144 zabrudzenia membran ultrafiltracyjnych i w razie potrzeby inicjuje p\u0142ukanie.<\/li><li>D\u0142ugo\u015b\u0107 ozonowania uzale\u017cniona jest od poziomu tlenu po\u015brednio \u015bwiadcz\u0105cego o ska\u017ceniu mikrobiologicznym, temperatury i nape\u0142nienia zbiornika.<\/li><li>Sterylizacja UV inicjowana jest z odpowiednim wyprzedzeniem na podstawie odczyt\u00f3w z czujnik\u00f3w przep\u0142ywu, co pozwala na oszcz\u0119dno\u015b\u0107 pr\u0105du oraz mniejsze zu\u017cycie urz\u0105dza\u0144 w okresach braku poboru wody.<\/li><li>\u00a0Bardziej energoch\u0142onne procesy uzdatniania s\u0105 uruchamiane w okresach optymalnych warunk\u00f3w dla produkcji energii z OZE.<\/li><\/ul>\t\t\t\t\t\t<\/div>\n\t\t\t\t<\/div>\n\t\t\t\t\t<\/div>\n\t\t<\/div>\n\t\t\t\t\t\t\t<\/div>\n\t\t<\/section>\n\t\t\t\t\t\t\t<\/div>\n\t\t","protected":false},"excerpt":{"rendered":"<p>Zarz\u0105dzanie przep\u0142ywami Technologia AquaSmart pozwala na sterowanie wod\u0105 zasilan\u0105 z r\u00f3\u017cnych \u017ar\u00f3de\u0142. Mo\u017ce to by\u0107 woda z uj\u0119cia miejskiego lub gminnego, studni, oczyszczona woda opadowa&hellip;<\/p>\n","protected":false},"author":1,"featured_media":0,"parent":0,"menu_order":0,"comment_status":"closed","ping_status":"closed","template":"","meta":{"om_disable_all_campaigns":false,"_monsterinsights_skip_tracking":false,"_monsterinsights_sitenote_active":false,"_monsterinsights_sitenote_note":"","_monsterinsights_sitenote_category":0,"_uf_show_specific_survey":0,"_uf_disable_surveys":false,"footnotes":""},"class_list":["post-1807","page","type-page","status-publish","hentry"],"_links":{"self":[{"href":"http:\/\/aquasmart.com.pl\/index.php?rest_route=\/wp\/v2\/pages\/1807","targetHints":{"allow":["GET"]}}],"collection":[{"href":"http:\/\/aquasmart.com.pl\/index.php?rest_route=\/wp\/v2\/pages"}],"about":[{"href":"http:\/\/aquasmart.com.pl\/index.php?rest_route=\/wp\/v2\/types\/page"}],"author":[{"embeddable":true,"href":"http:\/\/aquasmart.com.pl\/index.php?rest_route=\/wp\/v2\/users\/1"}],"replies":[{"embeddable":true,"href":"http:\/\/aquasmart.com.pl\/index.php?rest_route=%2Fwp%2Fv2%2Fcomments&post=1807"}],"version-history":[{"count":108,"href":"http:\/\/aquasmart.com.pl\/index.php?rest_route=\/wp\/v2\/pages\/1807\/revisions"}],"predecessor-version":[{"id":5191,"href":"http:\/\/aquasmart.com.pl\/index.php?rest_route=\/wp\/v2\/pages\/1807\/revisions\/5191"}],"wp:attachment":[{"href":"http:\/\/aquasmart.com.pl\/index.php?rest_route=%2Fwp%2Fv2%2Fmedia&parent=1807"}],"curies":[{"name":"wp","href":"https:\/\/api.w.org\/{rel}","templated":true}]}}