{"id":2032,"date":"2023-09-06T19:21:38","date_gmt":"2023-09-06T17:21:38","guid":{"rendered":"http:\/\/aquasmart.com.pl\/?page_id=2032"},"modified":"2024-05-24T13:22:49","modified_gmt":"2024-05-24T11:22:49","slug":"page-main","status":"publish","type":"page","link":"http:\/\/aquasmart.com.pl\/?page_id=2032&lang=en","title":{"rendered":"Page main"},"content":{"rendered":"\t\t<div data-elementor-type=\"wp-page\" data-elementor-id=\"2032\" class=\"elementor elementor-2032\">\n\t\t\t\t\t\t\t\t\t<section class=\"elementor-section elementor-top-section elementor-element elementor-element-cf5b87d elementor-section-boxed elementor-section-height-default elementor-section-height-default\" data-id=\"cf5b87d\" data-element_type=\"section\">\n\t\t\t\t\t\t<div class=\"elementor-container elementor-column-gap-default\">\n\t\t\t\t\t<div class=\"elementor-column elementor-col-33 elementor-top-column elementor-element elementor-element-546091d\" data-id=\"546091d\" data-element_type=\"column\">\n\t\t\t<div class=\"elementor-widget-wrap elementor-element-populated\">\n\t\t\t\t\t\t\t\t<div class=\"elementor-element elementor-element-c38f4f6 elementor-widget elementor-widget-jw-carousel\" data-id=\"c38f4f6\" data-element_type=\"widget\" data-settings=\"{&quot;slides_to_show&quot;:&quot;1&quot;}\" data-widget_type=\"jw-carousel.default\">\n\t\t\t\t<div class=\"elementor-widget-container\">\n\t\t\t<div class=\"elementor-jw-carousel jet-widgets\"><div class=\"jw-carousel-wrap jw-equal-cols\">\r\n\t<div class=\"jw-carousel elementor-slick-slider\" data-slider_options=\"{&quot;autoplaySpeed&quot;:1000,&quot;autoplay&quot;:true,&quot;infinite&quot;:true,&quot;pauseOnHover&quot;:false,&quot;speed&quot;:4000,&quot;arrows&quot;:false,&quot;dots&quot;:false,&quot;slidesToScroll&quot;:1,&quot;prevArrow&quot;:null,&quot;variableWidth&quot;:false,&quot;vertical&quot;:false,&quot;nextArrow&quot;:null,&quot;rtl&quot;:false,&quot;fade&quot;:true}\" dir=\"ltr\">\r\n<div class=\"jw-carousel__item\">\r\n\t<div class=\"jw-carousel__item-inner\"><a href=\"Ogr\u00f3d Prywatny Zielonki\" class=\"jw-carousel__item-link\"><img decoding=\"async\" src=\"http:\/\/aquasmart.com.pl\/wp-content\/uploads\/2022\/05\/intel-1.jpg\" alt=\"\" class=\"jw-carousel__item-img\"><\/a><\/div>\r\n<\/div>\r\n<div class=\"jw-carousel__item\">\r\n\t<div class=\"jw-carousel__item-inner\"><a href=\"#\" class=\"jw-carousel__item-link\"><img decoding=\"async\" src=\"http:\/\/aquasmart.com.pl\/wp-content\/uploads\/2022\/05\/intel-2.jpg\" alt=\"\" class=\"jw-carousel__item-img\"><\/a><\/div>\r\n<\/div>\r\n<div class=\"jw-carousel__item\">\r\n\t<div class=\"jw-carousel__item-inner\"><img decoding=\"async\" src=\"http:\/\/aquasmart.com.pl\/wp-content\/uploads\/2024\/01\/app1.png\" alt=\"\" class=\"jw-carousel__item-img\"><\/div>\r\n<\/div>\r\n<\/div><\/div>\r\n<\/div>\t\t<\/div>\n\t\t\t\t<\/div>\n\t\t\t\t\t<\/div>\n\t\t<\/div>\n\t\t\t\t<div class=\"elementor-column elementor-col-33 elementor-top-column elementor-element elementor-element-c08b42b\" data-id=\"c08b42b\" data-element_type=\"column\">\n\t\t\t<div class=\"elementor-widget-wrap elementor-element-populated\">\n\t\t\t\t\t\t\t\t<div class=\"elementor-element elementor-element-a325450 elementor-widget elementor-widget-image\" data-id=\"a325450\" data-element_type=\"widget\" data-widget_type=\"image.default\">\n\t\t\t\t<div class=\"elementor-widget-container\">\n\t\t\t<style>\/*! elementor - v3.6.4 - 13-04-2022 *\/\n.elementor-widget-image{text-align:center}.elementor-widget-image a{display:inline-block}.elementor-widget-image a img[src$=\".svg\"]{width:48px}.elementor-widget-image img{vertical-align:middle;display:inline-block}<\/style>\t\t\t\t\t\t\t\t\t\t\t\t<img loading=\"lazy\" decoding=\"async\" width=\"600\" height=\"480\" src=\"http:\/\/aquasmart.com.pl\/wp-content\/uploads\/2024\/01\/water_management_blue.png\" class=\"attachment-full size-full\" alt=\"\" srcset=\"http:\/\/aquasmart.com.pl\/wp-content\/uploads\/2024\/01\/water_management_blue.png 600w, http:\/\/aquasmart.com.pl\/wp-content\/uploads\/2024\/01\/water_management_blue-300x240.png 300w\" sizes=\"auto, (max-width: 600px) 100vw, 600px\" \/>\t\t\t\t\t\t\t\t\t\t\t\t\t\t\t<\/div>\n\t\t\t\t<\/div>\n\t\t\t\t\t<\/div>\n\t\t<\/div>\n\t\t\t\t<div class=\"elementor-column elementor-col-33 elementor-top-column elementor-element elementor-element-f1efb4c\" data-id=\"f1efb4c\" data-element_type=\"column\">\n\t\t\t<div class=\"elementor-widget-wrap elementor-element-populated\">\n\t\t\t\t\t\t\t\t<div class=\"elementor-element elementor-element-32f4afa elementor-widget elementor-widget-jw-carousel\" data-id=\"32f4afa\" data-element_type=\"widget\" data-settings=\"{&quot;slides_to_show&quot;:&quot;1&quot;}\" data-widget_type=\"jw-carousel.default\">\n\t\t\t\t<div class=\"elementor-widget-container\">\n\t\t\t<div class=\"elementor-jw-carousel jet-widgets\"><div class=\"jw-carousel-wrap jw-equal-cols\">\r\n\t<div class=\"jw-carousel elementor-slick-slider\" data-slider_options=\"{&quot;autoplaySpeed&quot;:4000,&quot;autoplay&quot;:true,&quot;infinite&quot;:true,&quot;pauseOnHover&quot;:false,&quot;speed&quot;:4000,&quot;arrows&quot;:false,&quot;dots&quot;:false,&quot;slidesToScroll&quot;:1,&quot;prevArrow&quot;:null,&quot;variableWidth&quot;:false,&quot;vertical&quot;:false,&quot;nextArrow&quot;:null,&quot;rtl&quot;:false,&quot;fade&quot;:true}\" dir=\"ltr\">\r\n<div class=\"jw-carousel__item\">\r\n\t<div class=\"jw-carousel__item-inner\"><img decoding=\"async\" src=\"http:\/\/aquasmart.com.pl\/wp-content\/uploads\/2022\/07\/dbaj_o_srodowisko1.jpg\" alt=\"\" class=\"jw-carousel__item-img\"><\/div>\r\n<\/div>\r\n<div class=\"jw-carousel__item\">\r\n\t<div class=\"jw-carousel__item-inner\"><img decoding=\"async\" src=\"http:\/\/aquasmart.com.pl\/wp-content\/uploads\/2024\/01\/app_zbiorniki.png\" alt=\"\" class=\"jw-carousel__item-img\"><\/div>\r\n<\/div>\r\n<\/div><\/div>\r\n<\/div>\t\t<\/div>\n\t\t\t\t<\/div>\n\t\t\t\t\t<\/div>\n\t\t<\/div>\n\t\t\t\t\t\t\t<\/div>\n\t\t<\/section>\n\t\t\t\t<section class=\"elementor-section elementor-top-section elementor-element elementor-element-00a3d06 elementor-section-boxed elementor-section-height-default elementor-section-height-default\" data-id=\"00a3d06\" data-element_type=\"section\">\n\t\t\t\t\t\t<div class=\"elementor-container elementor-column-gap-default\">\n\t\t\t\t\t<div class=\"elementor-column elementor-col-33 elementor-top-column elementor-element elementor-element-bb70f69\" data-id=\"bb70f69\" data-element_type=\"column\">\n\t\t\t<div class=\"elementor-widget-wrap elementor-element-populated\">\n\t\t\t\t\t\t\t\t<div class=\"elementor-element elementor-element-fd380b1 elementor-widget elementor-widget-image\" data-id=\"fd380b1\" data-element_type=\"widget\" data-widget_type=\"image.default\">\n\t\t\t\t<div class=\"elementor-widget-container\">\n\t\t\t\t\t\t\t\t\t\t\t\t\t\t\t<img loading=\"lazy\" decoding=\"async\" width=\"600\" height=\"480\" src=\"http:\/\/aquasmart.com.pl\/wp-content\/uploads\/2024\/01\/water_treatment_blue.png\" class=\"attachment-full size-full\" alt=\"\" srcset=\"http:\/\/aquasmart.com.pl\/wp-content\/uploads\/2024\/01\/water_treatment_blue.png 600w, http:\/\/aquasmart.com.pl\/wp-content\/uploads\/2024\/01\/water_treatment_blue-300x240.png 300w\" sizes=\"auto, (max-width: 600px) 100vw, 600px\" \/>\t\t\t\t\t\t\t\t\t\t\t\t\t\t\t<\/div>\n\t\t\t\t<\/div>\n\t\t\t\t\t<\/div>\n\t\t<\/div>\n\t\t\t\t<div class=\"elementor-column elementor-col-33 elementor-top-column elementor-element elementor-element-5d87bdc\" data-id=\"5d87bdc\" data-element_type=\"column\">\n\t\t\t<div class=\"elementor-widget-wrap elementor-element-populated\">\n\t\t\t\t\t\t\t\t<div class=\"elementor-element elementor-element-beb6da6 elementor-widget elementor-widget-jw-carousel\" data-id=\"beb6da6\" data-element_type=\"widget\" data-settings=\"{&quot;slides_to_show&quot;:&quot;1&quot;}\" data-widget_type=\"jw-carousel.default\">\n\t\t\t\t<div class=\"elementor-widget-container\">\n\t\t\t<div class=\"elementor-jw-carousel jet-widgets\"><div class=\"jw-carousel-wrap jw-equal-cols\">\r\n\t<div class=\"jw-carousel elementor-slick-slider\" data-slider_options=\"{&quot;autoplaySpeed&quot;:2000,&quot;autoplay&quot;:true,&quot;infinite&quot;:true,&quot;pauseOnHover&quot;:false,&quot;speed&quot;:4000,&quot;arrows&quot;:false,&quot;dots&quot;:false,&quot;slidesToScroll&quot;:1,&quot;prevArrow&quot;:null,&quot;variableWidth&quot;:false,&quot;vertical&quot;:false,&quot;nextArrow&quot;:null,&quot;rtl&quot;:false,&quot;fade&quot;:true}\" dir=\"ltr\">\r\n<div class=\"jw-carousel__item\">\r\n\t<div class=\"jw-carousel__item-inner\"><a href=\"Ogr\u00f3d Prywatny Zielonki\" class=\"jw-carousel__item-link\"><img decoding=\"async\" src=\"http:\/\/aquasmart.com.pl\/wp-content\/uploads\/2024\/01\/retencja_recyrkulacja.png\" alt=\"\" class=\"jw-carousel__item-img\"><\/a><\/div>\r\n<\/div>\r\n<div class=\"jw-carousel__item\">\r\n\t<div class=\"jw-carousel__item-inner\"><a href=\"#\" class=\"jw-carousel__item-link\"><img decoding=\"async\" src=\"http:\/\/aquasmart.com.pl\/wp-content\/uploads\/2024\/01\/app_ustawienia.png\" alt=\"\" class=\"jw-carousel__item-img\"><\/a><\/div>\r\n<\/div>\r\n<div class=\"jw-carousel__item\">\r\n\t<div class=\"jw-carousel__item-inner\"><img decoding=\"async\" src=\"http:\/\/aquasmart.com.pl\/wp-content\/uploads\/2023\/10\/monitoring-scaled.jpg\" alt=\"\" class=\"jw-carousel__item-img\"><\/div>\r\n<\/div>\r\n<\/div><\/div>\r\n<\/div>\t\t<\/div>\n\t\t\t\t<\/div>\n\t\t\t\t\t<\/div>\n\t\t<\/div>\n\t\t\t\t<div class=\"elementor-column elementor-col-33 elementor-top-column elementor-element elementor-element-966daee\" data-id=\"966daee\" data-element_type=\"column\">\n\t\t\t<div class=\"elementor-widget-wrap elementor-element-populated\">\n\t\t\t\t\t\t\t\t<div class=\"elementor-element elementor-element-53a3ef9 elementor-widget elementor-widget-image\" data-id=\"53a3ef9\" data-element_type=\"widget\" data-widget_type=\"image.default\">\n\t\t\t\t<div class=\"elementor-widget-container\">\n\t\t\t\t\t\t\t\t\t\t\t\t\t\t\t<img loading=\"lazy\" decoding=\"async\" width=\"600\" height=\"480\" src=\"http:\/\/aquasmart.com.pl\/wp-content\/uploads\/2024\/05\/water_monitoring.png\" class=\"attachment-full size-full\" alt=\"\" srcset=\"http:\/\/aquasmart.com.pl\/wp-content\/uploads\/2024\/05\/water_monitoring.png 600w, http:\/\/aquasmart.com.pl\/wp-content\/uploads\/2024\/05\/water_monitoring-300x240.png 300w\" sizes=\"auto, (max-width: 600px) 100vw, 600px\" \/>\t\t\t\t\t\t\t\t\t\t\t\t\t\t\t<\/div>\n\t\t\t\t<\/div>\n\t\t\t\t\t<\/div>\n\t\t<\/div>\n\t\t\t\t\t\t\t<\/div>\n\t\t<\/section>\n\t\t\t\t<section class=\"elementor-section elementor-top-section elementor-element elementor-element-af5f481 elementor-section-boxed elementor-section-height-default elementor-section-height-default\" data-id=\"af5f481\" data-element_type=\"section\">\n\t\t\t\t\t\t<div class=\"elementor-container elementor-column-gap-default\">\n\t\t\t\t\t<div class=\"elementor-column elementor-col-33 elementor-top-column elementor-element elementor-element-5b2f0cd\" data-id=\"5b2f0cd\" data-element_type=\"column\">\n\t\t\t<div class=\"elementor-widget-wrap elementor-element-populated\">\n\t\t\t\t\t\t\t\t<div class=\"elementor-element elementor-element-167449c elementor-widget elementor-widget-jw-carousel\" data-id=\"167449c\" data-element_type=\"widget\" data-settings=\"{&quot;slides_to_show&quot;:&quot;1&quot;}\" data-widget_type=\"jw-carousel.default\">\n\t\t\t\t<div class=\"elementor-widget-container\">\n\t\t\t<div class=\"elementor-jw-carousel jet-widgets\"><div class=\"jw-carousel-wrap jw-equal-cols\">\r\n\t<div class=\"jw-carousel elementor-slick-slider\" data-slider_options=\"{&quot;autoplaySpeed&quot;:3000,&quot;autoplay&quot;:true,&quot;infinite&quot;:true,&quot;pauseOnHover&quot;:false,&quot;speed&quot;:5000,&quot;arrows&quot;:false,&quot;dots&quot;:false,&quot;slidesToScroll&quot;:1,&quot;prevArrow&quot;:null,&quot;variableWidth&quot;:false,&quot;vertical&quot;:false,&quot;nextArrow&quot;:null,&quot;rtl&quot;:false,&quot;fade&quot;:true}\" dir=\"ltr\">\r\n<div class=\"jw-carousel__item\">\r\n\t<div class=\"jw-carousel__item-inner\"><img decoding=\"async\" src=\"http:\/\/aquasmart.com.pl\/wp-content\/uploads\/2024\/01\/uzdatnianie1-1.png\" alt=\"\" class=\"jw-carousel__item-img\"><\/div>\r\n<\/div>\r\n<div class=\"jw-carousel__item\">\r\n\t<div class=\"jw-carousel__item-inner\"><a href=\"#\" class=\"jw-carousel__item-link\" target=\"_blank\"><img decoding=\"async\" src=\"http:\/\/aquasmart.com.pl\/wp-content\/uploads\/2022\/05\/uzdatniona-2.jpg\" alt=\"\" class=\"jw-carousel__item-img\"><\/a><\/div>\r\n<\/div>\r\n<\/div><\/div>\r\n<\/div>\t\t<\/div>\n\t\t\t\t<\/div>\n\t\t\t\t\t<\/div>\n\t\t<\/div>\n\t\t\t\t<div class=\"elementor-column elementor-col-33 elementor-top-column elementor-element elementor-element-a0e838a\" data-id=\"a0e838a\" data-element_type=\"column\">\n\t\t\t<div class=\"elementor-widget-wrap elementor-element-populated\">\n\t\t\t\t\t\t\t\t<div class=\"elementor-element elementor-element-f6866d4 elementor-widget elementor-widget-image\" data-id=\"f6866d4\" data-element_type=\"widget\" data-widget_type=\"image.default\">\n\t\t\t\t<div class=\"elementor-widget-container\">\n\t\t\t\t\t\t\t\t\t\t\t\t\t\t\t<img loading=\"lazy\" decoding=\"async\" width=\"600\" height=\"480\" src=\"http:\/\/aquasmart.com.pl\/wp-content\/uploads\/2024\/05\/RAINWATER-2.png\" class=\"attachment-full size-full\" alt=\"\" srcset=\"http:\/\/aquasmart.com.pl\/wp-content\/uploads\/2024\/05\/RAINWATER-2.png 600w, http:\/\/aquasmart.com.pl\/wp-content\/uploads\/2024\/05\/RAINWATER-2-300x240.png 300w\" sizes=\"auto, (max-width: 600px) 100vw, 600px\" \/>\t\t\t\t\t\t\t\t\t\t\t\t\t\t\t<\/div>\n\t\t\t\t<\/div>\n\t\t\t\t\t<\/div>\n\t\t<\/div>\n\t\t\t\t<div class=\"elementor-column elementor-col-33 elementor-top-column elementor-element elementor-element-2c7c79a\" data-id=\"2c7c79a\" data-element_type=\"column\">\n\t\t\t<div class=\"elementor-widget-wrap elementor-element-populated\">\n\t\t\t\t\t\t\t\t<div class=\"elementor-element elementor-element-48d4638 elementor-widget elementor-widget-jw-carousel\" data-id=\"48d4638\" data-element_type=\"widget\" data-settings=\"{&quot;slides_to_show&quot;:&quot;1&quot;}\" data-widget_type=\"jw-carousel.default\">\n\t\t\t\t<div class=\"elementor-widget-container\">\n\t\t\t<div class=\"elementor-jw-carousel jet-widgets\"><div class=\"jw-carousel-wrap jw-equal-cols\">\r\n\t<div class=\"jw-carousel elementor-slick-slider\" data-slider_options=\"{&quot;autoplaySpeed&quot;:4000,&quot;autoplay&quot;:true,&quot;infinite&quot;:true,&quot;pauseOnHover&quot;:false,&quot;speed&quot;:4000,&quot;arrows&quot;:false,&quot;dots&quot;:false,&quot;slidesToScroll&quot;:1,&quot;prevArrow&quot;:null,&quot;variableWidth&quot;:false,&quot;vertical&quot;:false,&quot;nextArrow&quot;:null,&quot;rtl&quot;:false,&quot;fade&quot;:true}\" dir=\"ltr\">\r\n<div class=\"jw-carousel__item\">\r\n\t<div class=\"jw-carousel__item-inner\"><img decoding=\"async\" src=\"http:\/\/aquasmart.com.pl\/wp-content\/uploads\/2022\/07\/dbaj_o_srodowisko3.jpg\" alt=\"\" class=\"jw-carousel__item-img\"><\/div>\r\n<\/div>\r\n<div class=\"jw-carousel__item\">\r\n\t<div class=\"jw-carousel__item-inner\"><img decoding=\"async\" src=\"http:\/\/aquasmart.com.pl\/wp-content\/uploads\/2024\/01\/monitoring_app.png\" alt=\"\" class=\"jw-carousel__item-img\"><\/div>\r\n<\/div>\r\n<\/div><\/div>\r\n<\/div>\t\t<\/div>\n\t\t\t\t<\/div>\n\t\t\t\t\t<\/div>\n\t\t<\/div>\n\t\t\t\t\t\t\t<\/div>\n\t\t<\/section>\n\t\t\t\t<section class=\"elementor-section elementor-top-section elementor-element elementor-element-003ba11 elementor-section-boxed elementor-section-height-default elementor-section-height-default\" data-id=\"003ba11\" data-element_type=\"section\">\n\t\t\t\t\t\t<div class=\"elementor-container elementor-column-gap-default\">\n\t\t\t\t\t<div class=\"elementor-column elementor-col-100 elementor-top-column elementor-element elementor-element-e282c78\" data-id=\"e282c78\" data-element_type=\"column\">\n\t\t\t<div class=\"elementor-widget-wrap elementor-element-populated\">\n\t\t\t\t\t\t\t\t<div class=\"elementor-element elementor-element-b500b8a elementor-widget elementor-widget-heading\" data-id=\"b500b8a\" data-element_type=\"widget\" data-widget_type=\"heading.default\">\n\t\t\t\t<div class=\"elementor-widget-container\">\n\t\t\t<style>\/*! elementor - v3.6.4 - 13-04-2022 *\/\n.elementor-heading-title{padding:0;margin:0;line-height:1}.elementor-widget-heading .elementor-heading-title[class*=elementor-size-]>a{color:inherit;font-size:inherit;line-height:inherit}.elementor-widget-heading .elementor-heading-title.elementor-size-small{font-size:15px}.elementor-widget-heading .elementor-heading-title.elementor-size-medium{font-size:19px}.elementor-widget-heading .elementor-heading-title.elementor-size-large{font-size:29px}.elementor-widget-heading .elementor-heading-title.elementor-size-xl{font-size:39px}.elementor-widget-heading .elementor-heading-title.elementor-size-xxl{font-size:59px}<\/style><h1 class=\"elementor-heading-title elementor-size-default\"><a href=\"http:\/\/irene.com.pl\">Firma Irene specjalizuje si\u0119 w zagospodarowaniu przestrzeni, zak\u0142\u0105danie ogrodu, aran\u017cacja ogrodu, aran\u017cacja przestrzeni. Wykonuje prace: - budowlane (retencja, nawodnienie, bruk, tarasy) - ogrodnicze (trawniki, rabaty) - ziemne (niwelacje terenu, wymian\u0119 ziemi)\n<\/a><\/h1>\t\t<\/div>\n\t\t\t\t<\/div>\n\t\t\t\t\t<\/div>\n\t\t<\/div>\n\t\t\t\t\t\t\t<\/div>\n\t\t<\/section>\n\t\t\t\t\t\t\t<\/div>\n\t\t","protected":false},"excerpt":{"rendered":"<p>Firma Irene specjalizuje si\u0119 w zagospodarowaniu przestrzeni, zak\u0142\u0105danie ogrodu, aran\u017cacja ogrodu, aran\u017cacja przestrzeni. Wykonuje prace: &#8211; budowlane (retencja, nawodnienie, bruk, tarasy) &#8211; ogrodnicze (trawniki, rabaty)&hellip;<\/p>\n","protected":false},"author":1,"featured_media":0,"parent":0,"menu_order":0,"comment_status":"closed","ping_status":"closed","template":"","meta":{"om_disable_all_campaigns":false,"_monsterinsights_skip_tracking":false,"_monsterinsights_sitenote_active":false,"_monsterinsights_sitenote_note":"","_monsterinsights_sitenote_category":0,"_uf_show_specific_survey":0,"_uf_disable_surveys":false,"footnotes":""},"class_list":["post-2032","page","type-page","status-publish","hentry"],"_links":{"self":[{"href":"http:\/\/aquasmart.com.pl\/index.php?rest_route=\/wp\/v2\/pages\/2032","targetHints":{"allow":["GET"]}}],"collection":[{"href":"http:\/\/aquasmart.com.pl\/index.php?rest_route=\/wp\/v2\/pages"}],"about":[{"href":"http:\/\/aquasmart.com.pl\/index.php?rest_route=\/wp\/v2\/types\/page"}],"author":[{"embeddable":true,"href":"http:\/\/aquasmart.com.pl\/index.php?rest_route=\/wp\/v2\/users\/1"}],"replies":[{"embeddable":true,"href":"http:\/\/aquasmart.com.pl\/index.php?rest_route=%2Fwp%2Fv2%2Fcomments&post=2032"}],"version-history":[{"count":25,"href":"http:\/\/aquasmart.com.pl\/index.php?rest_route=\/wp\/v2\/pages\/2032\/revisions"}],"predecessor-version":[{"id":4988,"href":"http:\/\/aquasmart.com.pl\/index.php?rest_route=\/wp\/v2\/pages\/2032\/revisions\/4988"}],"wp:attachment":[{"href":"http:\/\/aquasmart.com.pl\/index.php?rest_route=%2Fwp%2Fv2%2Fmedia&parent=2032"}],"curies":[{"name":"wp","href":"https:\/\/api.w.org\/{rel}","templated":true}]}}