{"id":4347,"date":"2024-04-15T19:31:43","date_gmt":"2024-04-15T17:31:43","guid":{"rendered":"http:\/\/aquasmart.com.pl\/?page_id=4347"},"modified":"2024-09-19T22:49:13","modified_gmt":"2024-09-19T20:49:13","slug":"sklep_retencja_recyrkulacja","status":"publish","type":"page","link":"http:\/\/aquasmart.com.pl\/?page_id=4347","title":{"rendered":"sklep_retencja_recyrkulacja"},"content":{"rendered":"\t\t<div data-elementor-type=\"wp-page\" data-elementor-id=\"4347\" class=\"elementor elementor-4347\">\n\t\t\t\t\t\t\t\t\t<section class=\"elementor-section elementor-top-section elementor-element elementor-element-2715487 elementor-section-boxed elementor-section-height-default elementor-section-height-default\" data-id=\"2715487\" data-element_type=\"section\">\n\t\t\t\t\t\t<div class=\"elementor-container elementor-column-gap-default\">\n\t\t\t\t\t<div class=\"elementor-column elementor-col-100 elementor-top-column elementor-element elementor-element-a66a51f\" data-id=\"a66a51f\" data-element_type=\"column\">\n\t\t\t<div class=\"elementor-widget-wrap elementor-element-populated\">\n\t\t\t\t\t\t\t\t<div class=\"elementor-element elementor-element-9dd031b elementor-widget elementor-widget-heading\" data-id=\"9dd031b\" data-element_type=\"widget\" data-widget_type=\"heading.default\">\n\t\t\t\t<div class=\"elementor-widget-container\">\n\t\t\t<style>\/*! elementor - v3.6.4 - 13-04-2022 *\/\n.elementor-heading-title{padding:0;margin:0;line-height:1}.elementor-widget-heading .elementor-heading-title[class*=elementor-size-]>a{color:inherit;font-size:inherit;line-height:inherit}.elementor-widget-heading .elementor-heading-title.elementor-size-small{font-size:15px}.elementor-widget-heading .elementor-heading-title.elementor-size-medium{font-size:19px}.elementor-widget-heading .elementor-heading-title.elementor-size-large{font-size:29px}.elementor-widget-heading .elementor-heading-title.elementor-size-xl{font-size:39px}.elementor-widget-heading .elementor-heading-title.elementor-size-xxl{font-size:59px}<\/style><h2 class=\"elementor-heading-title elementor-size-default\">Systemy retencji i recyrkulacji wraz z podlewaniem teren\u00f3w zielonych<\/h2>\t\t<\/div>\n\t\t\t\t<\/div>\n\t\t\t\t\t<\/div>\n\t\t<\/div>\n\t\t\t\t\t\t\t<\/div>\n\t\t<\/section>\n\t\t\t\t<section class=\"elementor-section elementor-top-section elementor-element elementor-element-abd21eb elementor-section-boxed elementor-section-height-default elementor-section-height-default\" data-id=\"abd21eb\" data-element_type=\"section\">\n\t\t\t\t\t\t<div class=\"elementor-container elementor-column-gap-default\">\n\t\t\t\t\t<div class=\"elementor-column elementor-col-50 elementor-top-column elementor-element elementor-element-71ba4ac\" data-id=\"71ba4ac\" data-element_type=\"column\">\n\t\t\t<div class=\"elementor-widget-wrap elementor-element-populated\">\n\t\t\t\t\t\t\t\t<div class=\"elementor-element elementor-element-b791410 elementor-widget elementor-widget-image\" data-id=\"b791410\" data-element_type=\"widget\" data-widget_type=\"image.default\">\n\t\t\t\t<div class=\"elementor-widget-container\">\n\t\t\t<style>\/*! elementor - v3.6.4 - 13-04-2022 *\/\n.elementor-widget-image{text-align:center}.elementor-widget-image a{display:inline-block}.elementor-widget-image a img[src$=\".svg\"]{width:48px}.elementor-widget-image img{vertical-align:middle;display:inline-block}<\/style>\t\t\t\t\t\t\t\t\t\t\t\t<img loading=\"lazy\" decoding=\"async\" width=\"500\" height=\"500\" src=\"http:\/\/aquasmart.com.pl\/wp-content\/uploads\/2024\/04\/systemy_ret_i_rec.png\" class=\"attachment-medium_large size-medium_large\" alt=\"\" srcset=\"http:\/\/aquasmart.com.pl\/wp-content\/uploads\/2024\/04\/systemy_ret_i_rec.png 500w, http:\/\/aquasmart.com.pl\/wp-content\/uploads\/2024\/04\/systemy_ret_i_rec-300x300.png 300w, http:\/\/aquasmart.com.pl\/wp-content\/uploads\/2024\/04\/systemy_ret_i_rec-150x150.png 150w\" sizes=\"auto, (max-width: 500px) 100vw, 500px\" \/>\t\t\t\t\t\t\t\t\t\t\t\t\t\t\t<\/div>\n\t\t\t\t<\/div>\n\t\t\t\t\t<\/div>\n\t\t<\/div>\n\t\t\t\t<div class=\"elementor-column elementor-col-50 elementor-top-column elementor-element elementor-element-bfd3f29\" data-id=\"bfd3f29\" data-element_type=\"column\">\n\t\t\t<div class=\"elementor-widget-wrap elementor-element-populated\">\n\t\t\t\t\t\t\t\t<div class=\"elementor-element elementor-element-635777d elementor-widget elementor-widget-text-editor\" data-id=\"635777d\" data-element_type=\"widget\" data-widget_type=\"text-editor.default\">\n\t\t\t\t<div class=\"elementor-widget-container\">\n\t\t\t<style>\/*! elementor - v3.6.4 - 13-04-2022 *\/\n.elementor-widget-text-editor.elementor-drop-cap-view-stacked .elementor-drop-cap{background-color:#818a91;color:#fff}.elementor-widget-text-editor.elementor-drop-cap-view-framed .elementor-drop-cap{color:#818a91;border:3px solid;background-color:transparent}.elementor-widget-text-editor:not(.elementor-drop-cap-view-default) .elementor-drop-cap{margin-top:8px}.elementor-widget-text-editor:not(.elementor-drop-cap-view-default) .elementor-drop-cap-letter{width:1em;height:1em}.elementor-widget-text-editor .elementor-drop-cap{float:left;text-align:center;line-height:1;font-size:50px}.elementor-widget-text-editor .elementor-drop-cap-letter{display:inline-block}<\/style>\t\t\t\t<p>Systemy retencji I recyrkulacji AquaSmart umo\u017cliwiaj\u0105 korzystanie z r\u00f3\u017cnych w\u00f3d \u017ar\u00f3d\u0142owych, ze studni\/wodoci\u0105gu, deszcz\u00f3wki, wody szarej. Takie rozwi\u0105zanie pozwala na redukcj\u0119 wykorzystania wody z sieci zbiorczych, co wi\u0105\u017ce si\u0119 z obni\u017ceniem rachunk\u00f3w za wod\u0119 oraz pozwala na skierowanie do okre\u015blonych punkt\u00f3w czerpanych wody o korzystniejszych parametrach. Wykorzystanie uzdatnionej wody deszczowej do cel\u00f3w sanitarnych I gospodarczych ma szereg zalet. Woda deszczowa jest mi\u0119kka, dlatego nie powoduje zakamienienia urz\u0105dze\u0144 AGD I instalacji. Wp\u0142ywa te\u017c pozytywnie na walory k\u0105pielowe poniewa\u017c nie powoduje reakcji alergicznych oraz wysuszania sk\u00f3ry I w\u0142os\u00f3w. Natomiast uzdatniana woda kanalizacyjna doskonale nadaje si\u0119 do podlewania ogrodu z uwagi na zawarto\u015b\u0107 po\u017c\u0105danych minera\u0142\u00f3w, takich jak azot I potas. Wody \u017ar\u00f3d\u0142owe s\u0105 poddawane \u00a0procesom uzdatniania, kt\u00f3rych z\u0142o\u017cono\u015b\u0107 jest uzale\u017cniona od stopnia zabrudzenia wody oraz wymog\u00f3w formalno-prawnych jakie musi spe\u0142nia\u0107 woda dostarczana do okre\u015blonych punkt\u00f3w czerpalnych. Parametry techniczne I jako\u015bciowe wody si\u0105 kontrolowane na bie\u017c\u0105ca za pomoc\u0105 system monitoring. W zale\u017cno\u015bci od potrzeb oraz przeznaczonego bud\u017cetu systemy mo\u017cna skonfigurowa\u0107 za pomoc\u0105 dost\u0119pnych poni\u017cej narz\u0119dzi. W ofercie s\u0105 dwa typy system\u00f3w. System Single_Flow zak\u0142ada skierowanie do okre\u015blonego punktu czerpalnego wybranej wody \u017ar\u00f3d\u0142owej. Systemy Mulit_Flow posiadaj\u0105 mechanizmy umo\u017cliwiaj\u0105ce prze\u0142\u0105czanie w\u00f3d \u017ar\u00f3d\u0142owych, co pozwala na skierowanie od okre\u015blonego punktu czerpanego wody z r\u00f3\u017cnych \u017ar\u00f3de\u0142. Wi\u0119cej informacji na temat system\u00f3w retencji I recyrkulacji mo\u017cna znale\u017a\u0107 w zak\u0142adce Oferta.<\/p>\t\t\t\t\t\t<\/div>\n\t\t\t\t<\/div>\n\t\t\t\t\t<\/div>\n\t\t<\/div>\n\t\t\t\t\t\t\t<\/div>\n\t\t<\/section>\n\t\t\t\t<section class=\"elementor-section elementor-top-section elementor-element elementor-element-3cb0071 elementor-section-boxed elementor-section-height-default elementor-section-height-default\" data-id=\"3cb0071\" data-element_type=\"section\">\n\t\t\t\t\t\t<div class=\"elementor-container elementor-column-gap-default\">\n\t\t\t\t\t<div class=\"elementor-column elementor-col-50 elementor-top-column elementor-element elementor-element-26da7cc\" data-id=\"26da7cc\" data-element_type=\"column\">\n\t\t\t<div class=\"elementor-widget-wrap elementor-element-populated\">\n\t\t\t\t\t\t\t\t<div class=\"elementor-element elementor-element-50c7bd4 elementor-widget__width-initial elementor-widget elementor-widget-heading\" data-id=\"50c7bd4\" data-element_type=\"widget\" data-widget_type=\"heading.default\">\n\t\t\t\t<div class=\"elementor-widget-container\">\n\t\t\t<h1 class=\"elementor-heading-title elementor-size-medium\">Wyb\u00f3r element\u00f3w i wycena:<br><\/h1>\t\t<\/div>\n\t\t\t\t<\/div>\n\t\t\t\t\t<\/div>\n\t\t<\/div>\n\t\t\t\t<div class=\"elementor-column elementor-col-50 elementor-top-column elementor-element elementor-element-31e25e3\" data-id=\"31e25e3\" data-element_type=\"column\">\n\t\t\t<div class=\"elementor-widget-wrap elementor-element-populated\">\n\t\t\t\t\t\t\t\t<div class=\"elementor-element elementor-element-8ad3a8d elementor-widget elementor-widget-button\" data-id=\"8ad3a8d\" data-element_type=\"widget\" data-widget_type=\"button.default\">\n\t\t\t\t<div class=\"elementor-widget-container\">\n\t\t\t\t\t<div class=\"elementor-button-wrapper\">\n\t\t\t<a href=\"https:\/\/u224491.webh.me\/\/konfiguratory\/konfigurator1\/konfigurator.html\" target=\"_blank\" class=\"elementor-button-link elementor-button elementor-size-md elementor-animation-grow\" role=\"button\">\n\t\t\t\t\t\t<span class=\"elementor-button-content-wrapper\">\n\t\t\t\t\t\t<span class=\"elementor-button-text\">Wybierz elementy<\/span>\n\t\t<\/span>\n\t\t\t\t\t<\/a>\n\t\t<\/div>\n\t\t\t\t<\/div>\n\t\t\t\t<\/div>\n\t\t\t\t\t<\/div>\n\t\t<\/div>\n\t\t\t\t\t\t\t<\/div>\n\t\t<\/section>\n\t\t\t\t\t\t\t<\/div>\n\t\t","protected":false},"excerpt":{"rendered":"<p>Systemy retencji i recyrkulacji wraz z podlewaniem teren\u00f3w zielonych Systemy retencji I recyrkulacji AquaSmart umo\u017cliwiaj\u0105 korzystanie z r\u00f3\u017cnych w\u00f3d \u017ar\u00f3d\u0142owych, ze studni\/wodoci\u0105gu, deszcz\u00f3wki, wody szarej.&hellip;<\/p>\n","protected":false},"author":1,"featured_media":0,"parent":0,"menu_order":0,"comment_status":"closed","ping_status":"closed","template":"","meta":{"om_disable_all_campaigns":false,"_monsterinsights_skip_tracking":false,"_monsterinsights_sitenote_active":false,"_monsterinsights_sitenote_note":"","_monsterinsights_sitenote_category":0,"_uf_show_specific_survey":0,"_uf_disable_surveys":false,"footnotes":""},"class_list":["post-4347","page","type-page","status-publish","hentry"],"_links":{"self":[{"href":"http:\/\/aquasmart.com.pl\/index.php?rest_route=\/wp\/v2\/pages\/4347","targetHints":{"allow":["GET"]}}],"collection":[{"href":"http:\/\/aquasmart.com.pl\/index.php?rest_route=\/wp\/v2\/pages"}],"about":[{"href":"http:\/\/aquasmart.com.pl\/index.php?rest_route=\/wp\/v2\/types\/page"}],"author":[{"embeddable":true,"href":"http:\/\/aquasmart.com.pl\/index.php?rest_route=\/wp\/v2\/users\/1"}],"replies":[{"embeddable":true,"href":"http:\/\/aquasmart.com.pl\/index.php?rest_route=%2Fwp%2Fv2%2Fcomments&post=4347"}],"version-history":[{"count":40,"href":"http:\/\/aquasmart.com.pl\/index.php?rest_route=\/wp\/v2\/pages\/4347\/revisions"}],"predecessor-version":[{"id":5539,"href":"http:\/\/aquasmart.com.pl\/index.php?rest_route=\/wp\/v2\/pages\/4347\/revisions\/5539"}],"wp:attachment":[{"href":"http:\/\/aquasmart.com.pl\/index.php?rest_route=%2Fwp%2Fv2%2Fmedia&parent=4347"}],"curies":[{"name":"wp","href":"https:\/\/api.w.org\/{rel}","templated":true}]}}