{"id":4389,"date":"2024-04-15T21:23:06","date_gmt":"2024-04-15T19:23:06","guid":{"rendered":"http:\/\/aquasmart.com.pl\/?page_id=4389"},"modified":"2024-09-19T11:13:34","modified_gmt":"2024-09-19T09:13:34","slug":"sklep_monitoring","status":"publish","type":"page","link":"http:\/\/aquasmart.com.pl\/?page_id=4389","title":{"rendered":"sklep_monitoring_parametr\u00f3w"},"content":{"rendered":"\t\t<div data-elementor-type=\"wp-page\" data-elementor-id=\"4389\" class=\"elementor elementor-4389\">\n\t\t\t\t\t\t\t\t\t<section class=\"elementor-section elementor-top-section elementor-element elementor-element-2715487 elementor-section-boxed elementor-section-height-default elementor-section-height-default\" data-id=\"2715487\" data-element_type=\"section\">\n\t\t\t\t\t\t<div class=\"elementor-container elementor-column-gap-default\">\n\t\t\t\t\t<div class=\"elementor-column elementor-col-100 elementor-top-column elementor-element elementor-element-a66a51f\" data-id=\"a66a51f\" data-element_type=\"column\">\n\t\t\t<div class=\"elementor-widget-wrap elementor-element-populated\">\n\t\t\t\t\t\t\t\t<div class=\"elementor-element elementor-element-9dd031b elementor-widget elementor-widget-heading\" data-id=\"9dd031b\" data-element_type=\"widget\" data-widget_type=\"heading.default\">\n\t\t\t\t<div class=\"elementor-widget-container\">\n\t\t\t<style>\/*! elementor - v3.6.4 - 13-04-2022 *\/\n.elementor-heading-title{padding:0;margin:0;line-height:1}.elementor-widget-heading .elementor-heading-title[class*=elementor-size-]>a{color:inherit;font-size:inherit;line-height:inherit}.elementor-widget-heading .elementor-heading-title.elementor-size-small{font-size:15px}.elementor-widget-heading .elementor-heading-title.elementor-size-medium{font-size:19px}.elementor-widget-heading .elementor-heading-title.elementor-size-large{font-size:29px}.elementor-widget-heading .elementor-heading-title.elementor-size-xl{font-size:39px}.elementor-widget-heading .elementor-heading-title.elementor-size-xxl{font-size:59px}<\/style><h2 class=\"elementor-heading-title elementor-size-default\">Systemy monitoringu parametr\u00f3w wody<\/h2>\t\t<\/div>\n\t\t\t\t<\/div>\n\t\t\t\t\t<\/div>\n\t\t<\/div>\n\t\t\t\t\t\t\t<\/div>\n\t\t<\/section>\n\t\t\t\t<section class=\"elementor-section elementor-top-section elementor-element elementor-element-abd21eb elementor-section-boxed elementor-section-height-default elementor-section-height-default\" data-id=\"abd21eb\" data-element_type=\"section\">\n\t\t\t\t\t\t<div class=\"elementor-container elementor-column-gap-default\">\n\t\t\t\t\t<div class=\"elementor-column elementor-col-50 elementor-top-column elementor-element elementor-element-71ba4ac\" data-id=\"71ba4ac\" data-element_type=\"column\">\n\t\t\t<div class=\"elementor-widget-wrap elementor-element-populated\">\n\t\t\t\t\t\t\t\t<div class=\"elementor-element elementor-element-afb79e3 elementor-widget elementor-widget-image\" data-id=\"afb79e3\" data-element_type=\"widget\" data-widget_type=\"image.default\">\n\t\t\t\t<div class=\"elementor-widget-container\">\n\t\t\t<style>\/*! elementor - v3.6.4 - 13-04-2022 *\/\n.elementor-widget-image{text-align:center}.elementor-widget-image a{display:inline-block}.elementor-widget-image a img[src$=\".svg\"]{width:48px}.elementor-widget-image img{vertical-align:middle;display:inline-block}<\/style>\t\t\t\t\t\t\t\t\t\t\t\t<img loading=\"lazy\" decoding=\"async\" width=\"843\" height=\"474\" src=\"http:\/\/aquasmart.com.pl\/wp-content\/uploads\/2024\/01\/WhatsApp-Image-2023-06-24-at-11.00.25_65f5c9ae-1024x576.jpg\" class=\"attachment-large size-large\" alt=\"\" srcset=\"http:\/\/aquasmart.com.pl\/wp-content\/uploads\/2024\/01\/WhatsApp-Image-2023-06-24-at-11.00.25_65f5c9ae-1024x576.jpg 1024w, http:\/\/aquasmart.com.pl\/wp-content\/uploads\/2024\/01\/WhatsApp-Image-2023-06-24-at-11.00.25_65f5c9ae-300x169.jpg 300w, http:\/\/aquasmart.com.pl\/wp-content\/uploads\/2024\/01\/WhatsApp-Image-2023-06-24-at-11.00.25_65f5c9ae-768x432.jpg 768w, http:\/\/aquasmart.com.pl\/wp-content\/uploads\/2024\/01\/WhatsApp-Image-2023-06-24-at-11.00.25_65f5c9ae-1536x864.jpg 1536w, http:\/\/aquasmart.com.pl\/wp-content\/uploads\/2024\/01\/WhatsApp-Image-2023-06-24-at-11.00.25_65f5c9ae.jpg 1599w\" sizes=\"auto, (max-width: 843px) 100vw, 843px\" \/>\t\t\t\t\t\t\t\t\t\t\t\t\t\t\t<\/div>\n\t\t\t\t<\/div>\n\t\t\t\t\t<\/div>\n\t\t<\/div>\n\t\t\t\t<div class=\"elementor-column elementor-col-50 elementor-top-column elementor-element elementor-element-bfd3f29\" data-id=\"bfd3f29\" data-element_type=\"column\">\n\t\t\t<div class=\"elementor-widget-wrap elementor-element-populated\">\n\t\t\t\t\t\t\t\t<div class=\"elementor-element elementor-element-4448976 elementor-widget elementor-widget-text-editor\" data-id=\"4448976\" data-element_type=\"widget\" data-widget_type=\"text-editor.default\">\n\t\t\t\t<div class=\"elementor-widget-container\">\n\t\t\t<style>\/*! elementor - v3.6.4 - 13-04-2022 *\/\n.elementor-widget-text-editor.elementor-drop-cap-view-stacked .elementor-drop-cap{background-color:#818a91;color:#fff}.elementor-widget-text-editor.elementor-drop-cap-view-framed .elementor-drop-cap{color:#818a91;border:3px solid;background-color:transparent}.elementor-widget-text-editor:not(.elementor-drop-cap-view-default) .elementor-drop-cap{margin-top:8px}.elementor-widget-text-editor:not(.elementor-drop-cap-view-default) .elementor-drop-cap-letter{width:1em;height:1em}.elementor-widget-text-editor .elementor-drop-cap{float:left;text-align:center;line-height:1;font-size:50px}.elementor-widget-text-editor .elementor-drop-cap-letter{display:inline-block}<\/style>\t\t\t\t<p><span style=\"color: var( --e-global-color-text ); font-family: var( --e-global-typography-text-font-family ), Sans-serif; font-weight: var( --e-global-typography-text-font-weight );\">Systemy monitoringu AquaSmart dzia\u0142aj\u0105 w oparciu o technologi\u0119 IOT, kt\u00f3ra aktualnie jest najbardziej zaawansowanym narz\u0119dziem s\u0142u\u017c\u0105cym do automatyzacji r\u00f3\u017cnych proces\u00f3w. Podstawowymi komponentami system\u00f3w jest p\u0142ytka steruj\u0105ca AquaSmart oraz zestaw czujnik\u00f3w cyfrowych, kt\u00f3re s\u0105 z ni\u0105 zintegrowane za pomoc\u0105 dedykowanego oprogramowania. U\u017cytkownik ma mo\u017cliwo\u015b\u0107 monitorowania r\u00f3\u017cnych parametr\u00f3w technicznych i jako\u015bciowych wody. W zale\u017cno\u015bci od uwarunkowa\u0144 technicznych oraz indywidualnych preferencji czujniki mog\u0105 bada\u0107 parametry wody w przep\u0142ywie lub &nbsp;zmagazynowanej w zbiorniku.&nbsp;<\/span><br><\/p>\t\t\t\t\t\t<\/div>\n\t\t\t\t<\/div>\n\t\t\t\t\t<\/div>\n\t\t<\/div>\n\t\t\t\t\t\t\t<\/div>\n\t\t<\/section>\n\t\t\t\t<section class=\"elementor-section elementor-top-section elementor-element elementor-element-26f07ab elementor-section-boxed elementor-section-height-default elementor-section-height-default\" data-id=\"26f07ab\" data-element_type=\"section\">\n\t\t\t\t\t\t<div class=\"elementor-container elementor-column-gap-default\">\n\t\t\t\t\t<div class=\"elementor-column elementor-col-100 elementor-top-column elementor-element elementor-element-e37ae64\" data-id=\"e37ae64\" data-element_type=\"column\">\n\t\t\t<div class=\"elementor-widget-wrap elementor-element-populated\">\n\t\t\t\t\t\t\t\t<div class=\"elementor-element elementor-element-c1d288a elementor-widget elementor-widget-text-editor\" data-id=\"c1d288a\" data-element_type=\"widget\" data-widget_type=\"text-editor.default\">\n\t\t\t\t<div class=\"elementor-widget-container\">\n\t\t\t\t\t\t\t<p>Systemy posiadaj\u0105 r\u00f3wnie\u017c cyfrowe mechanizmy u\u0142atwiaj\u0105ce obs\u0142ug\u0119 oraz konserwacj\u0119 czujnik\u00f3w. W przeciwie\u0144stwie do wielu innych dost\u0119pnych na rynku czujnik\u00f3w nie ma konieczno\u015bci bardzo cz\u0119stej r\u0119cznej kalibracji i czyszczenia, co cz\u0119sto wi\u0105\u017ce si\u0119 z problematycznym wymontowywaniem czujnik\u00f3w z systemu. W zale\u017cno\u015bci od charakterystyki czujnika zabiegi konserwacyjne zalecane s\u0105 raz na p\u00f3\u0142 roku lub rzadziej. Dost\u0119pne poni\u017cej narz\u0119dzie cyfrowe umo\u017cliwia skonfigurowanie systemu pod k\u0105tem monitorowanych parametr\u00f3w. Wi\u0119cej informacji na temat systemu monitoringu mo\u017cna znale\u017a\u0107 w zak\u0142adce Oferta.<\/p>\t\t\t\t\t\t<\/div>\n\t\t\t\t<\/div>\n\t\t\t\t\t<\/div>\n\t\t<\/div>\n\t\t\t\t\t\t\t<\/div>\n\t\t<\/section>\n\t\t\t\t<section class=\"elementor-section elementor-top-section elementor-element elementor-element-d543ee7 elementor-section-boxed elementor-section-height-default elementor-section-height-default\" data-id=\"d543ee7\" data-element_type=\"section\">\n\t\t\t\t\t\t<div class=\"elementor-container elementor-column-gap-default\">\n\t\t\t\t\t<div class=\"elementor-column elementor-col-100 elementor-top-column elementor-element elementor-element-d3ac4e3\" data-id=\"d3ac4e3\" data-element_type=\"column\">\n\t\t\t<div class=\"elementor-widget-wrap elementor-element-populated\">\n\t\t\t\t\t\t\t\t<section class=\"elementor-section elementor-inner-section elementor-element elementor-element-ffcd79d elementor-section-boxed elementor-section-height-default elementor-section-height-default\" data-id=\"ffcd79d\" data-element_type=\"section\">\n\t\t\t\t\t\t<div class=\"elementor-container elementor-column-gap-default\">\n\t\t\t\t\t<div class=\"elementor-column elementor-col-50 elementor-inner-column elementor-element elementor-element-6417a40\" data-id=\"6417a40\" data-element_type=\"column\">\n\t\t\t<div class=\"elementor-widget-wrap elementor-element-populated\">\n\t\t\t\t\t\t\t\t<div class=\"elementor-element elementor-element-cf35eb7 elementor-widget elementor-widget-heading\" data-id=\"cf35eb7\" data-element_type=\"widget\" data-widget_type=\"heading.default\">\n\t\t\t\t<div class=\"elementor-widget-container\">\n\t\t\t<h2 class=\"elementor-heading-title elementor-size-default\">Wyb\u00f3r element\u00f3w oraz wycena:<\/h2>\t\t<\/div>\n\t\t\t\t<\/div>\n\t\t\t\t\t<\/div>\n\t\t<\/div>\n\t\t\t\t<div class=\"elementor-column elementor-col-50 elementor-inner-column elementor-element elementor-element-988e8f4\" data-id=\"988e8f4\" data-element_type=\"column\">\n\t\t\t<div class=\"elementor-widget-wrap elementor-element-populated\">\n\t\t\t\t\t\t\t\t<div class=\"elementor-element elementor-element-8ad3a8d elementor-widget elementor-widget-button\" data-id=\"8ad3a8d\" data-element_type=\"widget\" data-widget_type=\"button.default\">\n\t\t\t\t<div class=\"elementor-widget-container\">\n\t\t\t\t\t<div class=\"elementor-button-wrapper\">\n\t\t\t<a href=\"https:\/\/u224491.webh.me\/\/konfiguratory\/konfigurator_monitoring1\/konfigurator.html\" target=\"_blank\" class=\"elementor-button-link elementor-button elementor-size-md elementor-animation-grow\" role=\"button\">\n\t\t\t\t\t\t<span class=\"elementor-button-content-wrapper\">\n\t\t\t\t\t\t<span class=\"elementor-button-text\">Wybierz elementy<\/span>\n\t\t<\/span>\n\t\t\t\t\t<\/a>\n\t\t<\/div>\n\t\t\t\t<\/div>\n\t\t\t\t<\/div>\n\t\t\t\t\t<\/div>\n\t\t<\/div>\n\t\t\t\t\t\t\t<\/div>\n\t\t<\/section>\n\t\t\t\t\t<\/div>\n\t\t<\/div>\n\t\t\t\t\t\t\t<\/div>\n\t\t<\/section>\n\t\t\t\t<section class=\"elementor-section elementor-top-section elementor-element elementor-element-1c04f53 elementor-section-boxed elementor-section-height-default elementor-section-height-default\" data-id=\"1c04f53\" data-element_type=\"section\">\n\t\t\t\t\t\t<div class=\"elementor-container elementor-column-gap-default\">\n\t\t\t\t\t<div class=\"elementor-column elementor-col-100 elementor-top-column elementor-element elementor-element-ec99340\" data-id=\"ec99340\" data-element_type=\"column\">\n\t\t\t<div class=\"elementor-widget-wrap elementor-element-populated\">\n\t\t\t\t\t\t\t\t<div class=\"elementor-element elementor-element-7a6cb64 elementor-widget elementor-widget-heading\" data-id=\"7a6cb64\" data-element_type=\"widget\" data-widget_type=\"heading.default\">\n\t\t\t\t<div class=\"elementor-widget-container\">\n\t\t\t<h2 class=\"elementor-heading-title elementor-size-default\">Parametry techniczne<\/h2>\t\t<\/div>\n\t\t\t\t<\/div>\n\t\t\t\t\t<\/div>\n\t\t<\/div>\n\t\t\t\t\t\t\t<\/div>\n\t\t<\/section>\n\t\t\t\t<section class=\"elementor-section elementor-top-section elementor-element elementor-element-86e04be elementor-section-boxed elementor-section-height-default elementor-section-height-default\" data-id=\"86e04be\" data-element_type=\"section\">\n\t\t\t\t\t\t<div class=\"elementor-container elementor-column-gap-default\">\n\t\t\t\t\t<div class=\"elementor-column elementor-col-100 elementor-top-column elementor-element elementor-element-b0b0f8e\" data-id=\"b0b0f8e\" data-element_type=\"column\">\n\t\t\t<div class=\"elementor-widget-wrap elementor-element-populated\">\n\t\t\t\t\t\t\t\t<div class=\"elementor-element elementor-element-12db112 elementor-widget elementor-widget-image\" data-id=\"12db112\" data-element_type=\"widget\" data-widget_type=\"image.default\">\n\t\t\t\t<div class=\"elementor-widget-container\">\n\t\t\t\t\t\t\t\t\t\t\t\t\t\t\t<img loading=\"lazy\" decoding=\"async\" width=\"843\" height=\"645\" src=\"http:\/\/aquasmart.com.pl\/wp-content\/uploads\/2024\/04\/parametry-techniczne-4-1024x784.png\" class=\"attachment-large size-large\" alt=\"\" srcset=\"http:\/\/aquasmart.com.pl\/wp-content\/uploads\/2024\/04\/parametry-techniczne-4-1024x784.png 1024w, http:\/\/aquasmart.com.pl\/wp-content\/uploads\/2024\/04\/parametry-techniczne-4-300x230.png 300w, http:\/\/aquasmart.com.pl\/wp-content\/uploads\/2024\/04\/parametry-techniczne-4-768x588.png 768w, http:\/\/aquasmart.com.pl\/wp-content\/uploads\/2024\/04\/parametry-techniczne-4.png 1296w\" sizes=\"auto, (max-width: 843px) 100vw, 843px\" \/>\t\t\t\t\t\t\t\t\t\t\t\t\t\t\t<\/div>\n\t\t\t\t<\/div>\n\t\t\t\t\t<\/div>\n\t\t<\/div>\n\t\t\t\t\t\t\t<\/div>\n\t\t<\/section>\n\t\t\t\t\t\t\t<\/div>\n\t\t","protected":false},"excerpt":{"rendered":"<p>Systemy monitoringu parametr\u00f3w wody Systemy monitoringu AquaSmart dzia\u0142aj\u0105 w oparciu o technologi\u0119 IOT, kt\u00f3ra aktualnie jest najbardziej zaawansowanym narz\u0119dziem s\u0142u\u017c\u0105cym do automatyzacji r\u00f3\u017cnych proces\u00f3w. Podstawowymi&hellip;<\/p>\n","protected":false},"author":1,"featured_media":0,"parent":0,"menu_order":0,"comment_status":"closed","ping_status":"closed","template":"","meta":{"om_disable_all_campaigns":false,"_monsterinsights_skip_tracking":false,"_monsterinsights_sitenote_active":false,"_monsterinsights_sitenote_note":"","_monsterinsights_sitenote_category":0,"_uf_show_specific_survey":0,"_uf_disable_surveys":false,"footnotes":""},"class_list":["post-4389","page","type-page","status-publish","hentry"],"_links":{"self":[{"href":"http:\/\/aquasmart.com.pl\/index.php?rest_route=\/wp\/v2\/pages\/4389","targetHints":{"allow":["GET"]}}],"collection":[{"href":"http:\/\/aquasmart.com.pl\/index.php?rest_route=\/wp\/v2\/pages"}],"about":[{"href":"http:\/\/aquasmart.com.pl\/index.php?rest_route=\/wp\/v2\/types\/page"}],"author":[{"embeddable":true,"href":"http:\/\/aquasmart.com.pl\/index.php?rest_route=\/wp\/v2\/users\/1"}],"replies":[{"embeddable":true,"href":"http:\/\/aquasmart.com.pl\/index.php?rest_route=%2Fwp%2Fv2%2Fcomments&post=4389"}],"version-history":[{"count":24,"href":"http:\/\/aquasmart.com.pl\/index.php?rest_route=\/wp\/v2\/pages\/4389\/revisions"}],"predecessor-version":[{"id":5436,"href":"http:\/\/aquasmart.com.pl\/index.php?rest_route=\/wp\/v2\/pages\/4389\/revisions\/5436"}],"wp:attachment":[{"href":"http:\/\/aquasmart.com.pl\/index.php?rest_route=%2Fwp%2Fv2%2Fmedia&parent=4389"}],"curies":[{"name":"wp","href":"https:\/\/api.w.org\/{rel}","templated":true}]}}