{"id":4422,"date":"2024-04-16T07:02:54","date_gmt":"2024-04-16T05:02:54","guid":{"rendered":"http:\/\/aquasmart.com.pl\/?page_id=4422"},"modified":"2024-05-07T07:20:43","modified_gmt":"2024-05-07T05:20:43","slug":"sklep_irrygacja_smart","status":"publish","type":"page","link":"http:\/\/aquasmart.com.pl\/?page_id=4422","title":{"rendered":"sklep_irrygacja_smart"},"content":{"rendered":"\t\t<div data-elementor-type=\"wp-page\" data-elementor-id=\"4422\" class=\"elementor elementor-4422\">\n\t\t\t\t\t\t\t\t\t<section class=\"elementor-section elementor-top-section elementor-element elementor-element-2715487 elementor-section-boxed elementor-section-height-default elementor-section-height-default\" data-id=\"2715487\" data-element_type=\"section\">\n\t\t\t\t\t\t<div class=\"elementor-container elementor-column-gap-default\">\n\t\t\t\t\t<div class=\"elementor-column elementor-col-100 elementor-top-column elementor-element elementor-element-a66a51f\" data-id=\"a66a51f\" data-element_type=\"column\">\n\t\t\t<div class=\"elementor-widget-wrap elementor-element-populated\">\n\t\t\t\t\t\t\t\t<div class=\"elementor-element elementor-element-9dd031b elementor-widget elementor-widget-heading\" data-id=\"9dd031b\" data-element_type=\"widget\" data-widget_type=\"heading.default\">\n\t\t\t\t<div class=\"elementor-widget-container\">\n\t\t\t<style>\/*! elementor - v3.6.4 - 13-04-2022 *\/\n.elementor-heading-title{padding:0;margin:0;line-height:1}.elementor-widget-heading .elementor-heading-title[class*=elementor-size-]>a{color:inherit;font-size:inherit;line-height:inherit}.elementor-widget-heading .elementor-heading-title.elementor-size-small{font-size:15px}.elementor-widget-heading .elementor-heading-title.elementor-size-medium{font-size:19px}.elementor-widget-heading .elementor-heading-title.elementor-size-large{font-size:29px}.elementor-widget-heading .elementor-heading-title.elementor-size-xl{font-size:39px}.elementor-widget-heading .elementor-heading-title.elementor-size-xxl{font-size:59px}<\/style><h2 class=\"elementor-heading-title elementor-size-default\">Systemy irrygacyjne SMART<\/h2>\t\t<\/div>\n\t\t\t\t<\/div>\n\t\t\t\t\t<\/div>\n\t\t<\/div>\n\t\t\t\t\t\t\t<\/div>\n\t\t<\/section>\n\t\t\t\t<section class=\"elementor-section elementor-top-section elementor-element elementor-element-ac57a7e elementor-section-boxed elementor-section-height-default elementor-section-height-default\" data-id=\"ac57a7e\" data-element_type=\"section\">\n\t\t\t\t\t\t<div class=\"elementor-container elementor-column-gap-default\">\n\t\t\t\t\t<div class=\"elementor-column elementor-col-100 elementor-top-column elementor-element elementor-element-b278d1e\" data-id=\"b278d1e\" data-element_type=\"column\">\n\t\t\t<div class=\"elementor-widget-wrap elementor-element-populated\">\n\t\t\t\t\t\t\t\t<div class=\"elementor-element elementor-element-072be31 elementor-widget elementor-widget-text-editor\" data-id=\"072be31\" data-element_type=\"widget\" data-widget_type=\"text-editor.default\">\n\t\t\t\t<div class=\"elementor-widget-container\">\n\t\t\t<style>\/*! elementor - v3.6.4 - 13-04-2022 *\/\n.elementor-widget-text-editor.elementor-drop-cap-view-stacked .elementor-drop-cap{background-color:#818a91;color:#fff}.elementor-widget-text-editor.elementor-drop-cap-view-framed .elementor-drop-cap{color:#818a91;border:3px solid;background-color:transparent}.elementor-widget-text-editor:not(.elementor-drop-cap-view-default) .elementor-drop-cap{margin-top:8px}.elementor-widget-text-editor:not(.elementor-drop-cap-view-default) .elementor-drop-cap-letter{width:1em;height:1em}.elementor-widget-text-editor .elementor-drop-cap{float:left;text-align:center;line-height:1;font-size:50px}.elementor-widget-text-editor .elementor-drop-cap-letter{display:inline-block}<\/style>\t\t\t\t<p>Systemy RO&#8230;.<\/p>\t\t\t\t\t\t<\/div>\n\t\t\t\t<\/div>\n\t\t\t\t\t<\/div>\n\t\t<\/div>\n\t\t\t\t\t\t\t<\/div>\n\t\t<\/section>\n\t\t\t\t<section class=\"elementor-section elementor-top-section elementor-element elementor-element-abd21eb elementor-section-boxed elementor-section-height-default elementor-section-height-default\" data-id=\"abd21eb\" data-element_type=\"section\">\n\t\t\t\t\t\t<div class=\"elementor-container elementor-column-gap-default\">\n\t\t\t\t\t<div class=\"elementor-column elementor-col-50 elementor-top-column elementor-element elementor-element-71ba4ac\" data-id=\"71ba4ac\" data-element_type=\"column\">\n\t\t\t<div class=\"elementor-widget-wrap elementor-element-populated\">\n\t\t\t\t\t\t\t\t<div class=\"elementor-element elementor-element-028009a elementor-widget elementor-widget-image\" data-id=\"028009a\" data-element_type=\"widget\" data-widget_type=\"image.default\">\n\t\t\t\t<div class=\"elementor-widget-container\">\n\t\t\t<style>\/*! elementor - v3.6.4 - 13-04-2022 *\/\n.elementor-widget-image{text-align:center}.elementor-widget-image a{display:inline-block}.elementor-widget-image a img[src$=\".svg\"]{width:48px}.elementor-widget-image img{vertical-align:middle;display:inline-block}<\/style>\t\t\t\t\t\t\t\t\t\t\t\t<img loading=\"lazy\" decoding=\"async\" width=\"500\" height=\"500\" src=\"http:\/\/aquasmart.com.pl\/wp-content\/uploads\/2024\/04\/irrygacyjne_smart.png\" class=\"attachment-large size-large\" alt=\"\" srcset=\"http:\/\/aquasmart.com.pl\/wp-content\/uploads\/2024\/04\/irrygacyjne_smart.png 500w, http:\/\/aquasmart.com.pl\/wp-content\/uploads\/2024\/04\/irrygacyjne_smart-300x300.png 300w, http:\/\/aquasmart.com.pl\/wp-content\/uploads\/2024\/04\/irrygacyjne_smart-150x150.png 150w\" sizes=\"auto, (max-width: 500px) 100vw, 500px\" \/>\t\t\t\t\t\t\t\t\t\t\t\t\t\t\t<\/div>\n\t\t\t\t<\/div>\n\t\t\t\t\t<\/div>\n\t\t<\/div>\n\t\t\t\t<div class=\"elementor-column elementor-col-50 elementor-top-column elementor-element elementor-element-bfd3f29\" data-id=\"bfd3f29\" data-element_type=\"column\">\n\t\t\t<div class=\"elementor-widget-wrap elementor-element-populated\">\n\t\t\t\t\t\t\t\t<div class=\"elementor-element elementor-element-9e8365c elementor-widget elementor-widget-text-editor\" data-id=\"9e8365c\" data-element_type=\"widget\" data-widget_type=\"text-editor.default\">\n\t\t\t\t<div class=\"elementor-widget-container\">\n\t\t\t\t\t\t\t<p>Systemy irygacyjne AquaSmart umo\u017cliwiaj\u0105 podlewanie ogrodu r\u00f3\u017cnymi wodami \u017ar\u00f3d\u0142owymi. Mo\u017cna wykorzysta\u0107 do tego celu wod\u0119 ze studni\/wodoci\u0105gu, deszcz\u00f3wk\u0119 lub uzdatnion\u0105 wod\u0119 kanalizacyjn\u0105, kt\u00f3ra z uwagi na zawarto\u015b\u0107 azotu oraz potasu mo\u017ce mie\u0107 pozytywny wp\u0142yw na wegetacj\u0119 podlewanych ro\u015blin. W zale\u017cno\u015bci od preferencji u\u017cytkownika mog\u0105 by\u0107 r\u00f3wnie\u017c kontrolowane parametry jako\u015bciowe i techniczne wody. Systemy posiadaj\u0105 mechanizm air-gap, kt\u00f3ry jest prawnie wymagany w przypadku system\u00f3w instalacji wykorzystuj\u0105cych r\u00f3\u017cne wody \u017ar\u00f3d\u0142owe. Podlewanie jest w pe\u0142ni zautomatyzowane i mo\u017ce by\u0107 uruchomiane zgodnie z ustawieniami w harmonogramie lub mo\u017cna uzale\u017cni\u0107 jego cz\u0119stotliwo\u015b\u0107 od warunk\u00f3w pogodowych. Zintegrowany z systemem czujnik wilgotno\u015bci i temperatury gleby umo\u017cliwia zainicjowanie nawodnienia po wykryciu braku wody w glebie. Systemy mo\u017cna rozbudowywa\u0107 od dowoln\u0105 ilo\u015b\u0107 sekcji ogrodowych. Wi\u0119cej informacji o systemach irygacyjnych AquaSmart mo\u017cna znale\u017a\u0107 w zak\u0142adce. Dost\u0119pny poni\u017cej konfigurator umo\u017cliwia wycen\u0119 systemu dostosowanego do indywidualnych potrzeb u\u017cytkownika.<\/p>\t\t\t\t\t\t<\/div>\n\t\t\t\t<\/div>\n\t\t\t\t\t<\/div>\n\t\t<\/div>\n\t\t\t\t\t\t\t<\/div>\n\t\t<\/section>\n\t\t\t\t<section class=\"elementor-section elementor-top-section elementor-element elementor-element-d543ee7 elementor-section-boxed elementor-section-height-default elementor-section-height-default\" data-id=\"d543ee7\" data-element_type=\"section\">\n\t\t\t\t\t\t<div class=\"elementor-container elementor-column-gap-default\">\n\t\t\t\t\t<div class=\"elementor-column elementor-col-100 elementor-top-column elementor-element elementor-element-d3ac4e3\" data-id=\"d3ac4e3\" data-element_type=\"column\">\n\t\t\t<div class=\"elementor-widget-wrap elementor-element-populated\">\n\t\t\t\t\t\t\t\t<section class=\"elementor-section elementor-inner-section elementor-element elementor-element-ffcd79d elementor-section-boxed elementor-section-height-default elementor-section-height-default\" data-id=\"ffcd79d\" data-element_type=\"section\">\n\t\t\t\t\t\t<div class=\"elementor-container elementor-column-gap-default\">\n\t\t\t\t\t<div class=\"elementor-column elementor-col-50 elementor-inner-column elementor-element elementor-element-6417a40\" data-id=\"6417a40\" data-element_type=\"column\">\n\t\t\t<div class=\"elementor-widget-wrap elementor-element-populated\">\n\t\t\t\t\t\t\t\t<div class=\"elementor-element elementor-element-cf35eb7 elementor-widget elementor-widget-heading\" data-id=\"cf35eb7\" data-element_type=\"widget\" data-widget_type=\"heading.default\">\n\t\t\t\t<div class=\"elementor-widget-container\">\n\t\t\t<h2 class=\"elementor-heading-title elementor-size-default\">Wyb\u00f3r element\u00f3w oraz wycena:<\/h2>\t\t<\/div>\n\t\t\t\t<\/div>\n\t\t\t\t\t<\/div>\n\t\t<\/div>\n\t\t\t\t<div class=\"elementor-column elementor-col-50 elementor-inner-column elementor-element elementor-element-988e8f4\" data-id=\"988e8f4\" data-element_type=\"column\">\n\t\t\t<div class=\"elementor-widget-wrap elementor-element-populated\">\n\t\t\t\t\t\t\t\t<div class=\"elementor-element elementor-element-8ad3a8d elementor-widget elementor-widget-button\" data-id=\"8ad3a8d\" data-element_type=\"widget\" data-widget_type=\"button.default\">\n\t\t\t\t<div class=\"elementor-widget-container\">\n\t\t\t\t\t<div class=\"elementor-button-wrapper\">\n\t\t\t<a href=\"https:\/\/u224491.webh.me\/\/konfiguratory\/konfigurator_irygacja1\/konfigurator.html\" target=\"_blank\" class=\"elementor-button-link elementor-button elementor-size-md elementor-animation-grow\" role=\"button\">\n\t\t\t\t\t\t<span class=\"elementor-button-content-wrapper\">\n\t\t\t\t\t\t<span class=\"elementor-button-text\">Wybierz elementy<\/span>\n\t\t<\/span>\n\t\t\t\t\t<\/a>\n\t\t<\/div>\n\t\t\t\t<\/div>\n\t\t\t\t<\/div>\n\t\t\t\t\t<\/div>\n\t\t<\/div>\n\t\t\t\t\t\t\t<\/div>\n\t\t<\/section>\n\t\t\t\t\t<\/div>\n\t\t<\/div>\n\t\t\t\t\t\t\t<\/div>\n\t\t<\/section>\n\t\t\t\t<section class=\"elementor-section elementor-top-section elementor-element elementor-element-44fd2fa elementor-section-boxed elementor-section-height-default elementor-section-height-default\" data-id=\"44fd2fa\" data-element_type=\"section\">\n\t\t\t\t\t\t<div class=\"elementor-container elementor-column-gap-default\">\n\t\t\t\t\t<div class=\"elementor-column elementor-col-100 elementor-top-column elementor-element elementor-element-08b1ace\" data-id=\"08b1ace\" data-element_type=\"column\">\n\t\t\t<div class=\"elementor-widget-wrap elementor-element-populated\">\n\t\t\t\t\t\t\t\t<div class=\"elementor-element elementor-element-0c897c5 elementor-widget elementor-widget-heading\" data-id=\"0c897c5\" data-element_type=\"widget\" data-widget_type=\"heading.default\">\n\t\t\t\t<div class=\"elementor-widget-container\">\n\t\t\t<h2 class=\"elementor-heading-title elementor-size-default\">Parametry techniczne<\/h2>\t\t<\/div>\n\t\t\t\t<\/div>\n\t\t\t\t\t<\/div>\n\t\t<\/div>\n\t\t\t\t\t\t\t<\/div>\n\t\t<\/section>\n\t\t\t\t<section class=\"elementor-section elementor-top-section elementor-element elementor-element-5300122 elementor-section-boxed elementor-section-height-default elementor-section-height-default\" data-id=\"5300122\" data-element_type=\"section\">\n\t\t\t\t\t\t<div class=\"elementor-container elementor-column-gap-default\">\n\t\t\t\t\t<div class=\"elementor-column elementor-col-100 elementor-top-column elementor-element elementor-element-d07c89a\" data-id=\"d07c89a\" data-element_type=\"column\">\n\t\t\t<div class=\"elementor-widget-wrap elementor-element-populated\">\n\t\t\t\t\t\t\t\t<div class=\"elementor-element elementor-element-aa81caf elementor-widget elementor-widget-image\" data-id=\"aa81caf\" data-element_type=\"widget\" data-widget_type=\"image.default\">\n\t\t\t\t<div class=\"elementor-widget-container\">\n\t\t\t\t\t\t\t\t\t\t\t\t\t\t\t<img loading=\"lazy\" decoding=\"async\" width=\"843\" height=\"496\" src=\"http:\/\/aquasmart.com.pl\/wp-content\/uploads\/2024\/04\/parametry-techniczne-5-1024x602.png\" class=\"attachment-large size-large\" alt=\"\" srcset=\"http:\/\/aquasmart.com.pl\/wp-content\/uploads\/2024\/04\/parametry-techniczne-5-1024x602.png 1024w, http:\/\/aquasmart.com.pl\/wp-content\/uploads\/2024\/04\/parametry-techniczne-5-300x176.png 300w, http:\/\/aquasmart.com.pl\/wp-content\/uploads\/2024\/04\/parametry-techniczne-5-768x452.png 768w, http:\/\/aquasmart.com.pl\/wp-content\/uploads\/2024\/04\/parametry-techniczne-5.png 1297w\" sizes=\"auto, (max-width: 843px) 100vw, 843px\" \/>\t\t\t\t\t\t\t\t\t\t\t\t\t\t\t<\/div>\n\t\t\t\t<\/div>\n\t\t\t\t\t<\/div>\n\t\t<\/div>\n\t\t\t\t\t\t\t<\/div>\n\t\t<\/section>\n\t\t\t\t\t\t\t<\/div>\n\t\t","protected":false},"excerpt":{"rendered":"<p>Systemy irrygacyjne SMART Systemy RO&#8230;. Systemy irygacyjne AquaSmart umo\u017cliwiaj\u0105 podlewanie ogrodu r\u00f3\u017cnymi wodami \u017ar\u00f3d\u0142owymi. Mo\u017cna wykorzysta\u0107 do tego celu wod\u0119 ze studni\/wodoci\u0105gu, deszcz\u00f3wk\u0119 lub uzdatnion\u0105&hellip;<\/p>\n","protected":false},"author":1,"featured_media":0,"parent":0,"menu_order":0,"comment_status":"closed","ping_status":"closed","template":"","meta":{"om_disable_all_campaigns":false,"_monsterinsights_skip_tracking":false,"_monsterinsights_sitenote_active":false,"_monsterinsights_sitenote_note":"","_monsterinsights_sitenote_category":0,"_uf_show_specific_survey":0,"_uf_disable_surveys":false,"footnotes":""},"class_list":["post-4422","page","type-page","status-publish","hentry"],"_links":{"self":[{"href":"http:\/\/aquasmart.com.pl\/index.php?rest_route=\/wp\/v2\/pages\/4422","targetHints":{"allow":["GET"]}}],"collection":[{"href":"http:\/\/aquasmart.com.pl\/index.php?rest_route=\/wp\/v2\/pages"}],"about":[{"href":"http:\/\/aquasmart.com.pl\/index.php?rest_route=\/wp\/v2\/types\/page"}],"author":[{"embeddable":true,"href":"http:\/\/aquasmart.com.pl\/index.php?rest_route=\/wp\/v2\/users\/1"}],"replies":[{"embeddable":true,"href":"http:\/\/aquasmart.com.pl\/index.php?rest_route=%2Fwp%2Fv2%2Fcomments&post=4422"}],"version-history":[{"count":34,"href":"http:\/\/aquasmart.com.pl\/index.php?rest_route=\/wp\/v2\/pages\/4422\/revisions"}],"predecessor-version":[{"id":4852,"href":"http:\/\/aquasmart.com.pl\/index.php?rest_route=\/wp\/v2\/pages\/4422\/revisions\/4852"}],"wp:attachment":[{"href":"http:\/\/aquasmart.com.pl\/index.php?rest_route=%2Fwp%2Fv2%2Fmedia&parent=4422"}],"curies":[{"name":"wp","href":"https:\/\/api.w.org\/{rel}","templated":true}]}}