{"id":4544,"date":"2024-04-17T09:00:49","date_gmt":"2024-04-17T07:00:49","guid":{"rendered":"http:\/\/aquasmart.com.pl\/?page_id=4544"},"modified":"2024-07-02T16:33:10","modified_gmt":"2024-07-02T14:33:10","slug":"oferta_ozonatory","status":"publish","type":"page","link":"http:\/\/aquasmart.com.pl\/?page_id=4544","title":{"rendered":"oferta_ozonatory"},"content":{"rendered":"\t\t<div data-elementor-type=\"wp-page\" data-elementor-id=\"4544\" class=\"elementor elementor-4544\">\n\t\t\t\t\t\t\t\t\t<section class=\"elementor-section elementor-top-section elementor-element elementor-element-ff9a5f0 elementor-section-boxed elementor-section-height-default elementor-section-height-default\" data-id=\"ff9a5f0\" data-element_type=\"section\">\n\t\t\t\t\t\t<div class=\"elementor-container elementor-column-gap-default\">\n\t\t\t\t\t<div class=\"elementor-column elementor-col-100 elementor-top-column elementor-element elementor-element-e97dbda\" data-id=\"e97dbda\" data-element_type=\"column\">\n\t\t\t<div class=\"elementor-widget-wrap elementor-element-populated\">\n\t\t\t\t\t\t\t\t<div class=\"elementor-element elementor-element-b706595 elementor-widget elementor-widget-heading\" data-id=\"b706595\" data-element_type=\"widget\" data-widget_type=\"heading.default\">\n\t\t\t\t<div class=\"elementor-widget-container\">\n\t\t\t<style>\/*! elementor - v3.6.4 - 13-04-2022 *\/\n.elementor-heading-title{padding:0;margin:0;line-height:1}.elementor-widget-heading .elementor-heading-title[class*=elementor-size-]>a{color:inherit;font-size:inherit;line-height:inherit}.elementor-widget-heading .elementor-heading-title.elementor-size-small{font-size:15px}.elementor-widget-heading .elementor-heading-title.elementor-size-medium{font-size:19px}.elementor-widget-heading .elementor-heading-title.elementor-size-large{font-size:29px}.elementor-widget-heading .elementor-heading-title.elementor-size-xl{font-size:39px}.elementor-widget-heading .elementor-heading-title.elementor-size-xxl{font-size:59px}<\/style><h2 class=\"elementor-heading-title elementor-size-default\">Woda w zbiornikach i basenach <\/h2>\t\t<\/div>\n\t\t\t\t<\/div>\n\t\t\t\t\t<\/div>\n\t\t<\/div>\n\t\t\t\t\t\t\t<\/div>\n\t\t<\/section>\n\t\t\t\t<section class=\"elementor-section elementor-top-section elementor-element elementor-element-643c7ae elementor-section-boxed elementor-section-height-default elementor-section-height-default\" data-id=\"643c7ae\" data-element_type=\"section\">\n\t\t\t\t\t\t<div class=\"elementor-container elementor-column-gap-default\">\n\t\t\t\t\t<div class=\"elementor-column elementor-col-50 elementor-top-column elementor-element elementor-element-faf2f20\" data-id=\"faf2f20\" data-element_type=\"column\">\n\t\t\t<div class=\"elementor-widget-wrap elementor-element-populated\">\n\t\t\t\t\t\t\t\t<div class=\"elementor-element elementor-element-a9a448b elementor-widget elementor-widget-image\" data-id=\"a9a448b\" data-element_type=\"widget\" data-widget_type=\"image.default\">\n\t\t\t\t<div class=\"elementor-widget-container\">\n\t\t\t<style>\/*! elementor - v3.6.4 - 13-04-2022 *\/\n.elementor-widget-image{text-align:center}.elementor-widget-image a{display:inline-block}.elementor-widget-image a img[src$=\".svg\"]{width:48px}.elementor-widget-image img{vertical-align:middle;display:inline-block}<\/style>\t\t\t\t\t\t\t\t\t\t\t\t<img loading=\"lazy\" decoding=\"async\" width=\"843\" height=\"562\" src=\"http:\/\/aquasmart.com.pl\/wp-content\/uploads\/2024\/04\/basen-1024x683.jpg\" class=\"attachment-large size-large\" alt=\"\" srcset=\"http:\/\/aquasmart.com.pl\/wp-content\/uploads\/2024\/04\/basen-1024x683.jpg 1024w, http:\/\/aquasmart.com.pl\/wp-content\/uploads\/2024\/04\/basen-300x200.jpg 300w, http:\/\/aquasmart.com.pl\/wp-content\/uploads\/2024\/04\/basen-768x512.jpg 768w, http:\/\/aquasmart.com.pl\/wp-content\/uploads\/2024\/04\/basen-1536x1024.jpg 1536w, http:\/\/aquasmart.com.pl\/wp-content\/uploads\/2024\/04\/basen-2048x1365.jpg 2048w\" sizes=\"auto, (max-width: 843px) 100vw, 843px\" \/>\t\t\t\t\t\t\t\t\t\t\t\t\t\t\t<\/div>\n\t\t\t\t<\/div>\n\t\t\t\t\t<\/div>\n\t\t<\/div>\n\t\t\t\t<div class=\"elementor-column elementor-col-50 elementor-top-column elementor-element elementor-element-cde28a4\" data-id=\"cde28a4\" data-element_type=\"column\">\n\t\t\t<div class=\"elementor-widget-wrap elementor-element-populated\">\n\t\t\t\t\t\t\t\t<div class=\"elementor-element elementor-element-a2f70ff elementor-widget elementor-widget-text-editor\" data-id=\"a2f70ff\" data-element_type=\"widget\" data-widget_type=\"text-editor.default\">\n\t\t\t\t<div class=\"elementor-widget-container\">\n\t\t\t<style>\/*! elementor - v3.6.4 - 13-04-2022 *\/\n.elementor-widget-text-editor.elementor-drop-cap-view-stacked .elementor-drop-cap{background-color:#818a91;color:#fff}.elementor-widget-text-editor.elementor-drop-cap-view-framed .elementor-drop-cap{color:#818a91;border:3px solid;background-color:transparent}.elementor-widget-text-editor:not(.elementor-drop-cap-view-default) .elementor-drop-cap{margin-top:8px}.elementor-widget-text-editor:not(.elementor-drop-cap-view-default) .elementor-drop-cap-letter{width:1em;height:1em}.elementor-widget-text-editor .elementor-drop-cap{float:left;text-align:center;line-height:1;font-size:50px}.elementor-widget-text-editor .elementor-drop-cap-letter{display:inline-block}<\/style>\t\t\t\t<p><span style=\"color: var( --e-global-color-text ); font-family: var( --e-global-typography-text-font-family ), Sans-serif; font-weight: var( --e-global-typography-text-font-weight );\">Woda w zbiornikach i basenach wymaga monitorowania oraz dzia\u0142a\u0144 zapobiegaj\u0105cych utracie parametr\u00f3w jako\u015bciowych. &nbsp;Szybko\u015b\u0107 psucia si\u0119 wody w zbiornikach mo\u017ce by\u0107 r\u00f3\u017cna, poniewa\u017c jest zale\u017cna od wielu czynnik\u00f3w. Najistotniejsze z nich to warunki pogodowe, liczba u\u017cytkownik\u00f3w oraz cz\u0119sto\u015b\u0107 u\u017cytkowania. Im wi\u0119cej os\u00f3b korzysta z basenu, tym wi\u0119ksze ryzyko wprowadzenia zanieczyszcze\u0144 do wody. To samo dotyczy cz\u0119stotliwo\u015bci u\u017cytkowania. Istotne s\u0105 r\u00f3wnie\u017c warunki pogodowe. Nas\u0142onecznienie, wysoka temperatura, deszcz, czy te\u017c wiatr mog\u0105 wp\u0142ywa\u0107 na szybko\u015b\u0107 psucia si\u0119 wody. Na przyk\u0142ad silne nas\u0142onecznienie mo\u017ce przyspieszy\u0107 rozw\u00f3j glon\u00f3w.<\/span><br><\/p>\t\t\t\t\t\t<\/div>\n\t\t\t\t<\/div>\n\t\t\t\t\t<\/div>\n\t\t<\/div>\n\t\t\t\t\t\t\t<\/div>\n\t\t<\/section>\n\t\t\t\t<section class=\"elementor-section elementor-top-section elementor-element elementor-element-f3824a8 elementor-section-boxed elementor-section-height-default elementor-section-height-default\" data-id=\"f3824a8\" data-element_type=\"section\">\n\t\t\t\t\t\t<div class=\"elementor-container elementor-column-gap-default\">\n\t\t\t\t\t<div class=\"elementor-column elementor-col-100 elementor-top-column elementor-element elementor-element-ae87e0d\" data-id=\"ae87e0d\" data-element_type=\"column\">\n\t\t\t<div class=\"elementor-widget-wrap elementor-element-populated\">\n\t\t\t\t\t\t\t\t<div class=\"elementor-element elementor-element-88db8b0 elementor-widget elementor-widget-text-editor\" data-id=\"88db8b0\" data-element_type=\"widget\" data-widget_type=\"text-editor.default\">\n\t\t\t\t<div class=\"elementor-widget-container\">\n\t\t\t\t\t\t\t<p>W niew\u0142a\u015bciwie konserwowanych basenach mog\u0105 wyst\u0105pi\u0107 r\u00f3\u017cne zanieczyszczenia. Najpowa\u017cniejsze to zanieczyszczenia mikroorganiczne. Woda w basenach mo\u017ce by\u0107 siedliskiem dla r\u00f3\u017cnych bakterii, w tym bakterii chorobotw\u00f3rczych, kt\u00f3re mog\u0105 powodowa\u0107 infekcje sk\u00f3rne, infekcje uk\u0142adu oddechowego i inne dolegliwo\u015bci. Mo\u017ce by\u0107 r\u00f3wnie\u017c doj\u015b\u0107 do namna\u017cania si\u0119 glon\u00f3w, co negatywnie wp\u0142ywa na kolor oraz zapach.\u00a0 W przypadku basen\u00f3w k\u0105pielowych bardzo powszechne s\u0105 zanieczyszczenia organiczne. Pot, \u0142oje, cz\u0119\u015bci nask\u00f3rka, w\u0142osy mog\u0105 si\u0119 zmywac podczas k\u0105pieli i prowadzi\u0107 do rozwoju bakterii i glon\u00f3w. Powszechnie wyst\u0119puj\u0105 r\u00f3wnie\u017c zanieczyszczenia wprowadzane do basenu przez u\u017cytkownik\u00f3w, zwierz\u0119ta lub wiatr. Najcz\u0119\u015bciej jest to piasek, kurz, li\u015bcie ga\u0142\u0119zie owady. \u00a0Usuni\u0119cie tego typu zanieczyszcze\u0144 wymaga prostych prac konserwacyjnych. Zdecydowanie wi\u0119kszym wyzwaniem jest usuni\u0119cie zanieczyszcze\u0144 mikrobiologicznych i mikroskopijnych zanieczyszcze\u0144 organicznych. Tradycyjn\u0105 metod\u0105 uzdatniania w tym przypadku jest chlorowanie. Jest to bardzo skuteczny proces jednak obarczony wieloma wadami, dlatego jest coraz cz\u0119\u015bciej zast\u0119powany przez systemy ozonuj\u0105ce.<\/p>\t\t\t\t\t\t<\/div>\n\t\t\t\t<\/div>\n\t\t\t\t\t<\/div>\n\t\t<\/div>\n\t\t\t\t\t\t\t<\/div>\n\t\t<\/section>\n\t\t\t\t<section class=\"elementor-section elementor-top-section elementor-element elementor-element-88a3934 elementor-section-boxed elementor-section-height-default elementor-section-height-default\" data-id=\"88a3934\" data-element_type=\"section\">\n\t\t\t\t\t\t<div class=\"elementor-container elementor-column-gap-default\">\n\t\t\t\t\t<div class=\"elementor-column elementor-col-100 elementor-top-column elementor-element elementor-element-574f0a9\" data-id=\"574f0a9\" data-element_type=\"column\">\n\t\t\t<div class=\"elementor-widget-wrap elementor-element-populated\">\n\t\t\t\t\t\t\t\t<div class=\"elementor-element elementor-element-d9d8797 elementor-widget elementor-widget-heading\" data-id=\"d9d8797\" data-element_type=\"widget\" data-widget_type=\"heading.default\">\n\t\t\t\t<div class=\"elementor-widget-container\">\n\t\t\t<h2 class=\"elementor-heading-title elementor-size-default\">Uzdatnianie wody w zbiornikach i basenach<\/h2>\t\t<\/div>\n\t\t\t\t<\/div>\n\t\t\t\t\t<\/div>\n\t\t<\/div>\n\t\t\t\t\t\t\t<\/div>\n\t\t<\/section>\n\t\t\t\t<section class=\"elementor-section elementor-top-section elementor-element elementor-element-fbd1660 elementor-section-boxed elementor-section-height-default elementor-section-height-default\" data-id=\"fbd1660\" data-element_type=\"section\">\n\t\t\t\t\t\t<div class=\"elementor-container elementor-column-gap-default\">\n\t\t\t\t\t<div class=\"elementor-column elementor-col-100 elementor-top-column elementor-element elementor-element-ca61917\" data-id=\"ca61917\" data-element_type=\"column\">\n\t\t\t<div class=\"elementor-widget-wrap elementor-element-populated\">\n\t\t\t\t\t\t\t\t<div class=\"elementor-element elementor-element-b3ae646 elementor-widget elementor-widget-image\" data-id=\"b3ae646\" data-element_type=\"widget\" data-widget_type=\"image.default\">\n\t\t\t\t<div class=\"elementor-widget-container\">\n\t\t\t\t\t\t\t\t\t\t\t\t\t\t\t<img loading=\"lazy\" decoding=\"async\" width=\"751\" height=\"1024\" src=\"http:\/\/aquasmart.com.pl\/wp-content\/uploads\/2024\/04\/Porownanie-2-751x1024.png\" class=\"attachment-large size-large\" alt=\"\" srcset=\"http:\/\/aquasmart.com.pl\/wp-content\/uploads\/2024\/04\/Porownanie-2-751x1024.png 751w, http:\/\/aquasmart.com.pl\/wp-content\/uploads\/2024\/04\/Porownanie-2-220x300.png 220w, http:\/\/aquasmart.com.pl\/wp-content\/uploads\/2024\/04\/Porownanie-2-768x1047.png 768w, http:\/\/aquasmart.com.pl\/wp-content\/uploads\/2024\/04\/Porownanie-2-1127x1536.png 1127w, http:\/\/aquasmart.com.pl\/wp-content\/uploads\/2024\/04\/Porownanie-2.png 1500w\" sizes=\"auto, (max-width: 751px) 100vw, 751px\" \/>\t\t\t\t\t\t\t\t\t\t\t\t\t\t\t<\/div>\n\t\t\t\t<\/div>\n\t\t\t\t\t<\/div>\n\t\t<\/div>\n\t\t\t\t\t\t\t<\/div>\n\t\t<\/section>\n\t\t\t\t<section class=\"elementor-section elementor-top-section elementor-element elementor-element-d1560ff elementor-section-boxed elementor-section-height-default elementor-section-height-default\" data-id=\"d1560ff\" data-element_type=\"section\">\n\t\t\t\t\t\t<div class=\"elementor-container elementor-column-gap-default\">\n\t\t\t\t\t<div class=\"elementor-column elementor-col-100 elementor-top-column elementor-element elementor-element-b0930aa\" data-id=\"b0930aa\" data-element_type=\"column\">\n\t\t\t<div class=\"elementor-widget-wrap elementor-element-populated\">\n\t\t\t\t\t\t\t\t<div class=\"elementor-element elementor-element-05d9bf1 elementor-widget elementor-widget-heading\" data-id=\"05d9bf1\" data-element_type=\"widget\" data-widget_type=\"heading.default\">\n\t\t\t\t<div class=\"elementor-widget-container\">\n\t\t\t<h2 class=\"elementor-heading-title elementor-size-default\">Systemy ozonowania AquaSmart<\/h2>\t\t<\/div>\n\t\t\t\t<\/div>\n\t\t\t\t\t<\/div>\n\t\t<\/div>\n\t\t\t\t\t\t\t<\/div>\n\t\t<\/section>\n\t\t\t\t<section class=\"elementor-section elementor-top-section elementor-element elementor-element-2ce2713 elementor-section-boxed elementor-section-height-default elementor-section-height-default\" data-id=\"2ce2713\" data-element_type=\"section\">\n\t\t\t\t\t\t<div class=\"elementor-container elementor-column-gap-default\">\n\t\t\t\t\t<div class=\"elementor-column elementor-col-50 elementor-top-column elementor-element elementor-element-52bc3ed\" data-id=\"52bc3ed\" data-element_type=\"column\">\n\t\t\t<div class=\"elementor-widget-wrap elementor-element-populated\">\n\t\t\t\t\t\t\t\t<div class=\"elementor-element elementor-element-621f235 elementor-widget elementor-widget-image\" data-id=\"621f235\" data-element_type=\"widget\" data-widget_type=\"image.default\">\n\t\t\t\t<div class=\"elementor-widget-container\">\n\t\t\t\t\t\t\t\t\t\t\t\t\t\t\t<img loading=\"lazy\" decoding=\"async\" width=\"719\" height=\"899\" src=\"http:\/\/aquasmart.com.pl\/wp-content\/uploads\/2023\/10\/WhatsApp-Image-2023-10-07-at-15.41.50_cc9adedc.jpg\" class=\"attachment-medium_large size-medium_large\" alt=\"\" srcset=\"http:\/\/aquasmart.com.pl\/wp-content\/uploads\/2023\/10\/WhatsApp-Image-2023-10-07-at-15.41.50_cc9adedc.jpg 719w, http:\/\/aquasmart.com.pl\/wp-content\/uploads\/2023\/10\/WhatsApp-Image-2023-10-07-at-15.41.50_cc9adedc-240x300.jpg 240w\" sizes=\"auto, (max-width: 719px) 100vw, 719px\" \/>\t\t\t\t\t\t\t\t\t\t\t\t\t\t\t<\/div>\n\t\t\t\t<\/div>\n\t\t\t\t\t<\/div>\n\t\t<\/div>\n\t\t\t\t<div class=\"elementor-column elementor-col-50 elementor-top-column elementor-element elementor-element-08f41c7\" data-id=\"08f41c7\" data-element_type=\"column\">\n\t\t\t<div class=\"elementor-widget-wrap elementor-element-populated\">\n\t\t\t\t\t\t\t\t<div class=\"elementor-element elementor-element-bfb818a elementor-widget elementor-widget-heading\" data-id=\"bfb818a\" data-element_type=\"widget\" data-widget_type=\"heading.default\">\n\t\t\t\t<div class=\"elementor-widget-container\">\n\t\t\t<h2 class=\"elementor-heading-title elementor-size-default\">Skuteczna dezynfekcja <\/h2>\t\t<\/div>\n\t\t\t\t<\/div>\n\t\t\t\t<div class=\"elementor-element elementor-element-5efbcd9 elementor-widget elementor-widget-text-editor\" data-id=\"5efbcd9\" data-element_type=\"widget\" data-widget_type=\"text-editor.default\">\n\t\t\t\t<div class=\"elementor-widget-container\">\n\t\t\t\t\t\t\t<p>Ozon jest bardziej skuteczniejszym utleniaczem od chloru i nie powoduje wydzielania szkodliwych produkt\u00f3w ubocznych, takich jak chloraminy, poniewa\u017c po zako\u0144czeniu procesu dezynfekcji ulega rozk\u0142adowi do cz\u0105steczek tlenu. Jego du\u017c\u0105 zalet\u0105 jest te\u017c szybko\u015b\u0107 dzia\u0142ania, co znacz\u0105co skraca okres dezynfekcji. Jednak stanowi to r\u00f3wnie\u017c pewne wyzwanie. Ozon jest nietrwa\u0142ym gazem, kt\u00f3ry rozk\u0142ada si\u0119 do tlenu w stosunkowo kr\u00f3tkim czasie, nawet przy obecno\u015bci wody. W zwi\u0105zku z tym, po wygenerowaniu, ozon musi by\u0107 szybko wprowadzony do wody i zu\u017cyty, zanim ulegnie rozpadowi. Ma relatywnie nisk\u0105 rozpuszczalno\u015b\u0107 w wodzie w por\u00f3wnaniu do innych gaz\u00f3w, takich jak tlen czy azot. Oznacza to, \u017ce ozon mo\u017ce nie by\u0107 \u0142atwo i ca\u0142kowicie rozpuszczony w wodzie, co mo\u017ce prowadzi\u0107 do straty skuteczno\u015bci dezynfekcji. Z tych wzgl\u0119d\u00f3w skuteczno\u015b\u0107 instalacji ozonuj\u0105cych jest bardzo zale\u017cna od zastosowanych technologii. Systemy AquaSmart s\u0105 wyposa\u017cone w mechanizmy oparte na mieszaczach statycznych i zw\u0119\u017cce Venturiego. S\u0105 to aktualnie najbardziej wydajne systemy umo\u017cliwiaj\u0105ce mieszanie ozonu z wod\u0105, zdecydowanie bardziej efektywne ni\u017c dyfuzory mikro i nanob\u0105belkowe. W\u0142a\u015bciwa metoda mieszania zapewnia skuteczno\u015b\u0107 dezynfekcji oraz zabezpiecza przed przedostawaniem si\u0119 ozonu do atmosfery, co mog\u0142oby mie\u0107 niekorzystny wp\u0142yw na wy\u017csze jej warstwy.<\/p>\t\t\t\t\t\t<\/div>\n\t\t\t\t<\/div>\n\t\t\t\t\t<\/div>\n\t\t<\/div>\n\t\t\t\t\t\t\t<\/div>\n\t\t<\/section>\n\t\t\t\t<section class=\"elementor-section elementor-top-section elementor-element elementor-element-e599399 elementor-section-boxed elementor-section-height-default elementor-section-height-default\" data-id=\"e599399\" data-element_type=\"section\">\n\t\t\t\t\t\t<div class=\"elementor-container elementor-column-gap-default\">\n\t\t\t\t\t<div class=\"elementor-column elementor-col-50 elementor-top-column elementor-element elementor-element-be0b7d7\" data-id=\"be0b7d7\" data-element_type=\"column\">\n\t\t\t<div class=\"elementor-widget-wrap elementor-element-populated\">\n\t\t\t\t\t\t\t\t<div class=\"elementor-element elementor-element-a8661c6 elementor-widget elementor-widget-heading\" data-id=\"a8661c6\" data-element_type=\"widget\" data-widget_type=\"heading.default\">\n\t\t\t\t<div class=\"elementor-widget-container\">\n\t\t\t<h2 class=\"elementor-heading-title elementor-size-default\"><br>Wydajno\u015b\u0107<\/h2>\t\t<\/div>\n\t\t\t\t<\/div>\n\t\t\t\t<div class=\"elementor-element elementor-element-19760e8 elementor-widget elementor-widget-text-editor\" data-id=\"19760e8\" data-element_type=\"widget\" data-widget_type=\"text-editor.default\">\n\t\t\t\t<div class=\"elementor-widget-container\">\n\t\t\t\t\t\t\t<p>Systemy AquaSmart cechuj\u0105 si\u0119 du\u017c\u0105 wydajno\u015bci\u0105 w produkcji ozonu dzi\u0119ki zastosowaniu odpowiednich generator\u00f3w. Stosowane w produktach seryjnych generatory wytwarzaj\u0105 \u015brednio 30 mg ozonu na minut\u0119, co jest wystarczaj\u0105ce zbiornik\u00f3w i basen\u00f3w do 20000 l. W przypadku wi\u0119kszych instalacji jest mo\u017cliwo\u015b\u0107 dostosowania zakres\u00f3w generatora do wymog\u00f3w technologicznych. Zastosowanie tak wydajnych generator\u00f3w wi\u0105\u017ce si\u0119 z konieczno\u015bci\u0105 zapewnienia optymalnych sposob\u00f3w ch\u0142odzenia. Ch\u0142odzenie powietrzem, cz\u0119sto sosowane w mniejszych instalacjach, jest zdecydowanie niewystarczaj\u0105ce. Systemy AquaSmart posiadaj\u0105 sprawne systemy do ch\u0142odzenia wod\u0105, co czyni ca\u0142\u0105 instalacj\u0119 bezpieczn\u0105 dla u\u017cytkownik\u00f3w.<\/p>\t\t\t\t\t\t<\/div>\n\t\t\t\t<\/div>\n\t\t\t\t\t<\/div>\n\t\t<\/div>\n\t\t\t\t<div class=\"elementor-column elementor-col-50 elementor-top-column elementor-element elementor-element-b9ec841\" data-id=\"b9ec841\" data-element_type=\"column\">\n\t\t\t<div class=\"elementor-widget-wrap elementor-element-populated\">\n\t\t\t\t\t\t\t\t<div class=\"elementor-element elementor-element-faa1b55 elementor-widget elementor-widget-image\" data-id=\"faa1b55\" data-element_type=\"widget\" data-widget_type=\"image.default\">\n\t\t\t\t<div class=\"elementor-widget-container\">\n\t\t\t\t\t\t\t\t\t\t\t\t\t\t\t<img loading=\"lazy\" decoding=\"async\" width=\"273\" height=\"477\" src=\"http:\/\/aquasmart.com.pl\/wp-content\/uploads\/2024\/04\/ozonator.png\" class=\"attachment-medium_large size-medium_large\" alt=\"\" srcset=\"http:\/\/aquasmart.com.pl\/wp-content\/uploads\/2024\/04\/ozonator.png 273w, http:\/\/aquasmart.com.pl\/wp-content\/uploads\/2024\/04\/ozonator-172x300.png 172w\" sizes=\"auto, (max-width: 273px) 100vw, 273px\" \/>\t\t\t\t\t\t\t\t\t\t\t\t\t\t\t<\/div>\n\t\t\t\t<\/div>\n\t\t\t\t\t<\/div>\n\t\t<\/div>\n\t\t\t\t\t\t\t<\/div>\n\t\t<\/section>\n\t\t\t\t<section class=\"elementor-section elementor-top-section elementor-element elementor-element-35da853 elementor-section-boxed elementor-section-height-default elementor-section-height-default\" data-id=\"35da853\" data-element_type=\"section\">\n\t\t\t\t\t\t<div class=\"elementor-container elementor-column-gap-default\">\n\t\t\t\t\t<div class=\"elementor-column elementor-col-50 elementor-top-column elementor-element elementor-element-639f3f0\" data-id=\"639f3f0\" data-element_type=\"column\">\n\t\t\t<div class=\"elementor-widget-wrap elementor-element-populated\">\n\t\t\t\t\t\t\t\t<div class=\"elementor-element elementor-element-bacc981 elementor-widget elementor-widget-image\" data-id=\"bacc981\" data-element_type=\"widget\" data-widget_type=\"image.default\">\n\t\t\t\t<div class=\"elementor-widget-container\">\n\t\t\t\t\t\t\t\t\t\t\t\t\t\t\t<img loading=\"lazy\" decoding=\"async\" width=\"843\" height=\"978\" src=\"http:\/\/aquasmart.com.pl\/wp-content\/uploads\/2024\/01\/oczyszczalnia-UF-i-ozonator-e1706345757709-883x1024.jpg\" class=\"attachment-large size-large\" alt=\"\" srcset=\"http:\/\/aquasmart.com.pl\/wp-content\/uploads\/2024\/01\/oczyszczalnia-UF-i-ozonator-e1706345757709-883x1024.jpg 883w, http:\/\/aquasmart.com.pl\/wp-content\/uploads\/2024\/01\/oczyszczalnia-UF-i-ozonator-e1706345757709-259x300.jpg 259w, http:\/\/aquasmart.com.pl\/wp-content\/uploads\/2024\/01\/oczyszczalnia-UF-i-ozonator-e1706345757709-768x890.jpg 768w, http:\/\/aquasmart.com.pl\/wp-content\/uploads\/2024\/01\/oczyszczalnia-UF-i-ozonator-e1706345757709.jpg 899w\" sizes=\"auto, (max-width: 843px) 100vw, 843px\" \/>\t\t\t\t\t\t\t\t\t\t\t\t\t\t\t<\/div>\n\t\t\t\t<\/div>\n\t\t\t\t\t<\/div>\n\t\t<\/div>\n\t\t\t\t<div class=\"elementor-column elementor-col-50 elementor-top-column elementor-element elementor-element-e77c919\" data-id=\"e77c919\" data-element_type=\"column\">\n\t\t\t<div class=\"elementor-widget-wrap elementor-element-populated\">\n\t\t\t\t\t\t\t\t<div class=\"elementor-element elementor-element-a899dbe elementor-widget elementor-widget-heading\" data-id=\"a899dbe\" data-element_type=\"widget\" data-widget_type=\"heading.default\">\n\t\t\t\t<div class=\"elementor-widget-container\">\n\t\t\t<h2 class=\"elementor-heading-title elementor-size-default\">Ergonomia i kompaktowo\u015b\u0107<\/h2>\t\t<\/div>\n\t\t\t\t<\/div>\n\t\t\t\t<div class=\"elementor-element elementor-element-8e09c1c elementor-widget elementor-widget-text-editor\" data-id=\"8e09c1c\" data-element_type=\"widget\" data-widget_type=\"text-editor.default\">\n\t\t\t\t<div class=\"elementor-widget-container\">\n\t\t\t\t\t\t\t<p>Systemy ozonuj\u0105ce AquaSmart wyst\u0119puj\u0105 w dw\u00f3ch wersjach. Szczeg\u00f3lnie godna polecenia jest wersja zewn\u0119trzna. Specjalna obudowa w innowacyjnej formule umo\u017cliwia monta\u017c urz\u0105dze\u0144 pod ziemi\u0105 w pobli\u017cu basenu. Jest to szczeg\u00f3lnie korzystne, gdy nie ma dost\u0119pu do pomieszczenia technicznego lub odleg\u0142o\u015b\u0107 od basenu do niego jest bardzo du\u017ca, co mo\u017ce znacznie zwi\u0119kszy\u0107 koszty instalacji. Druga wersja jest dedykowana do monta\u017cu w pomieszczeniach technicznych. Generator i elektronika ozonatora jest umieszczona w estetycznej obudowie, kt\u00f3ra mo\u017ce by\u0107 zamontowana na \u015bcianie pomieszczenia. Nie zajmuje du\u017co miejsca, a dost\u0119p do urz\u0105dze\u0144 i instalacji jest bezproblemowy.<\/p>\t\t\t\t\t\t<\/div>\n\t\t\t\t<\/div>\n\t\t\t\t\t<\/div>\n\t\t<\/div>\n\t\t\t\t\t\t\t<\/div>\n\t\t<\/section>\n\t\t\t\t\t\t\t<\/div>\n\t\t","protected":false},"excerpt":{"rendered":"<p>Woda w zbiornikach i basenach Woda w zbiornikach i basenach wymaga monitorowania oraz dzia\u0142a\u0144 zapobiegaj\u0105cych utracie parametr\u00f3w jako\u015bciowych. &nbsp;Szybko\u015b\u0107 psucia si\u0119 wody w zbiornikach mo\u017ce&hellip;<\/p>\n","protected":false},"author":1,"featured_media":0,"parent":0,"menu_order":0,"comment_status":"closed","ping_status":"closed","template":"","meta":{"om_disable_all_campaigns":false,"_monsterinsights_skip_tracking":false,"_monsterinsights_sitenote_active":false,"_monsterinsights_sitenote_note":"","_monsterinsights_sitenote_category":0,"_uf_show_specific_survey":0,"_uf_disable_surveys":false,"footnotes":""},"class_list":["post-4544","page","type-page","status-publish","hentry"],"_links":{"self":[{"href":"http:\/\/aquasmart.com.pl\/index.php?rest_route=\/wp\/v2\/pages\/4544","targetHints":{"allow":["GET"]}}],"collection":[{"href":"http:\/\/aquasmart.com.pl\/index.php?rest_route=\/wp\/v2\/pages"}],"about":[{"href":"http:\/\/aquasmart.com.pl\/index.php?rest_route=\/wp\/v2\/types\/page"}],"author":[{"embeddable":true,"href":"http:\/\/aquasmart.com.pl\/index.php?rest_route=\/wp\/v2\/users\/1"}],"replies":[{"embeddable":true,"href":"http:\/\/aquasmart.com.pl\/index.php?rest_route=%2Fwp%2Fv2%2Fcomments&post=4544"}],"version-history":[{"count":16,"href":"http:\/\/aquasmart.com.pl\/index.php?rest_route=\/wp\/v2\/pages\/4544\/revisions"}],"predecessor-version":[{"id":4800,"href":"http:\/\/aquasmart.com.pl\/index.php?rest_route=\/wp\/v2\/pages\/4544\/revisions\/4800"}],"wp:attachment":[{"href":"http:\/\/aquasmart.com.pl\/index.php?rest_route=%2Fwp%2Fv2%2Fmedia&parent=4544"}],"curies":[{"name":"wp","href":"https:\/\/api.w.org\/{rel}","templated":true}]}}