{"id":4750,"date":"2024-04-29T01:48:01","date_gmt":"2024-04-28T23:48:01","guid":{"rendered":"http:\/\/aquasmart.com.pl\/?page_id=4750"},"modified":"2024-05-25T13:48:19","modified_gmt":"2024-05-25T11:48:19","slug":"przemyslowe-instalacje-zarzadzania-woda","status":"publish","type":"page","link":"http:\/\/aquasmart.com.pl\/?page_id=4750","title":{"rendered":"Przemys\u0142owe instalacje zarz\u0105dzania wod\u0105"},"content":{"rendered":"\t\t<div data-elementor-type=\"wp-page\" data-elementor-id=\"4750\" class=\"elementor elementor-4750\">\n\t\t\t\t\t\t\t\t\t<section class=\"elementor-section elementor-top-section elementor-element elementor-element-4e08367 elementor-section-boxed elementor-section-height-default elementor-section-height-default\" data-id=\"4e08367\" data-element_type=\"section\">\n\t\t\t\t\t\t<div class=\"elementor-container elementor-column-gap-default\">\n\t\t\t\t\t<div class=\"elementor-column elementor-col-100 elementor-top-column elementor-element elementor-element-52e9fcc\" data-id=\"52e9fcc\" data-element_type=\"column\">\n\t\t\t<div class=\"elementor-widget-wrap elementor-element-populated\">\n\t\t\t\t\t\t\t\t<div class=\"elementor-element elementor-element-8c649b4 elementor-widget elementor-widget-heading\" data-id=\"8c649b4\" data-element_type=\"widget\" data-widget_type=\"heading.default\">\n\t\t\t\t<div class=\"elementor-widget-container\">\n\t\t\t<style>\/*! elementor - v3.6.4 - 13-04-2022 *\/\n.elementor-heading-title{padding:0;margin:0;line-height:1}.elementor-widget-heading .elementor-heading-title[class*=elementor-size-]>a{color:inherit;font-size:inherit;line-height:inherit}.elementor-widget-heading .elementor-heading-title.elementor-size-small{font-size:15px}.elementor-widget-heading .elementor-heading-title.elementor-size-medium{font-size:19px}.elementor-widget-heading .elementor-heading-title.elementor-size-large{font-size:29px}.elementor-widget-heading .elementor-heading-title.elementor-size-xl{font-size:39px}.elementor-widget-heading .elementor-heading-title.elementor-size-xxl{font-size:59px}<\/style><h2 class=\"elementor-heading-title elementor-size-default\">Instalacje zarz\u0105dzania wod\u0105 <\/h2>\t\t<\/div>\n\t\t\t\t<\/div>\n\t\t\t\t\t<\/div>\n\t\t<\/div>\n\t\t\t\t\t\t\t<\/div>\n\t\t<\/section>\n\t\t\t\t<section class=\"elementor-section elementor-top-section elementor-element elementor-element-c1a4739 elementor-section-boxed elementor-section-height-default elementor-section-height-default\" data-id=\"c1a4739\" data-element_type=\"section\">\n\t\t\t\t\t\t<div class=\"elementor-container elementor-column-gap-default\">\n\t\t\t\t\t<div class=\"elementor-column elementor-col-100 elementor-top-column elementor-element elementor-element-008f5f2\" data-id=\"008f5f2\" data-element_type=\"column\">\n\t\t\t<div class=\"elementor-widget-wrap elementor-element-populated\">\n\t\t\t\t\t\t\t\t<div class=\"elementor-element elementor-element-199d050 elementor-widget elementor-widget-text-editor\" data-id=\"199d050\" data-element_type=\"widget\" data-widget_type=\"text-editor.default\">\n\t\t\t\t<div class=\"elementor-widget-container\">\n\t\t\t<style>\/*! elementor - v3.6.4 - 13-04-2022 *\/\n.elementor-widget-text-editor.elementor-drop-cap-view-stacked .elementor-drop-cap{background-color:#818a91;color:#fff}.elementor-widget-text-editor.elementor-drop-cap-view-framed .elementor-drop-cap{color:#818a91;border:3px solid;background-color:transparent}.elementor-widget-text-editor:not(.elementor-drop-cap-view-default) .elementor-drop-cap{margin-top:8px}.elementor-widget-text-editor:not(.elementor-drop-cap-view-default) .elementor-drop-cap-letter{width:1em;height:1em}.elementor-widget-text-editor .elementor-drop-cap{float:left;text-align:center;line-height:1;font-size:50px}.elementor-widget-text-editor .elementor-drop-cap-letter{display:inline-block}<\/style>\t\t\t\t<p>W ofercie firmy dla u\u017cytkownik\u00f3w komercyjnych s\u0105 systemy z wieloma obiegami wody. Mo\u017ce to by\u0107 woda produkcyjna, wodoci\u0105gowa, deszczowa, kanalizacyjna. Systemy serowania przep\u0142ywami, uzdatniania oraz monitoringu s\u0105 zintegrowane oraz uzale\u017cnione od wymog\u00f3w proces\u00f3w technologicznych. Kontrola parametr\u00f3w technicznych oraz jako\u015bciowych odbywa si\u0119 w trybie ci\u0105g\u0142ym. Do poszczeg\u00f3lnych punkt\u00f3w czerpalnych lub zbiornik\u00f3w kierowana jest woda spe\u0142niaj\u0105ca zak\u0142adane warunki.<\/p>\t\t\t\t\t\t<\/div>\n\t\t\t\t<\/div>\n\t\t\t\t\t<\/div>\n\t\t<\/div>\n\t\t\t\t\t\t\t<\/div>\n\t\t<\/section>\n\t\t\t\t<section class=\"elementor-section elementor-top-section elementor-element elementor-element-13345b1 elementor-section-boxed elementor-section-height-default elementor-section-height-default\" data-id=\"13345b1\" data-element_type=\"section\">\n\t\t\t\t\t\t<div class=\"elementor-container elementor-column-gap-default\">\n\t\t\t\t\t<div class=\"elementor-column elementor-col-50 elementor-top-column elementor-element elementor-element-f3d6392\" data-id=\"f3d6392\" data-element_type=\"column\">\n\t\t\t<div class=\"elementor-widget-wrap elementor-element-populated\">\n\t\t\t\t\t\t\t\t<div class=\"elementor-element elementor-element-ca1f43c elementor-widget elementor-widget-image\" data-id=\"ca1f43c\" data-element_type=\"widget\" data-widget_type=\"image.default\">\n\t\t\t\t<div class=\"elementor-widget-container\">\n\t\t\t<style>\/*! elementor - v3.6.4 - 13-04-2022 *\/\n.elementor-widget-image{text-align:center}.elementor-widget-image a{display:inline-block}.elementor-widget-image a img[src$=\".svg\"]{width:48px}.elementor-widget-image img{vertical-align:middle;display:inline-block}<\/style>\t\t\t\t\t\t\t\t\t\t\t\t<img loading=\"lazy\" decoding=\"async\" width=\"576\" height=\"1024\" src=\"http:\/\/aquasmart.com.pl\/wp-content\/uploads\/2024\/01\/szafa-szkola-budynek-publiczny-1-576x1024.jpg\" class=\"attachment-large size-large\" alt=\"\" srcset=\"http:\/\/aquasmart.com.pl\/wp-content\/uploads\/2024\/01\/szafa-szkola-budynek-publiczny-1-576x1024.jpg 576w, http:\/\/aquasmart.com.pl\/wp-content\/uploads\/2024\/01\/szafa-szkola-budynek-publiczny-1-169x300.jpg 169w, http:\/\/aquasmart.com.pl\/wp-content\/uploads\/2024\/01\/szafa-szkola-budynek-publiczny-1-768x1366.jpg 768w, http:\/\/aquasmart.com.pl\/wp-content\/uploads\/2024\/01\/szafa-szkola-budynek-publiczny-1-864x1536.jpg 864w, http:\/\/aquasmart.com.pl\/wp-content\/uploads\/2024\/01\/szafa-szkola-budynek-publiczny-1-e1706174258109.jpg 450w\" sizes=\"auto, (max-width: 576px) 100vw, 576px\" \/>\t\t\t\t\t\t\t\t\t\t\t\t\t\t\t<\/div>\n\t\t\t\t<\/div>\n\t\t\t\t\t<\/div>\n\t\t<\/div>\n\t\t\t\t<div class=\"elementor-column elementor-col-50 elementor-top-column elementor-element elementor-element-d0f1bf9\" data-id=\"d0f1bf9\" data-element_type=\"column\">\n\t\t\t<div class=\"elementor-widget-wrap elementor-element-populated\">\n\t\t\t\t\t\t\t\t<div class=\"elementor-element elementor-element-876aea9 elementor-widget elementor-widget-image\" data-id=\"876aea9\" data-element_type=\"widget\" data-widget_type=\"image.default\">\n\t\t\t\t<div class=\"elementor-widget-container\">\n\t\t\t\t\t\t\t\t\t\t\t\t\t\t\t<img loading=\"lazy\" decoding=\"async\" width=\"843\" height=\"474\" src=\"http:\/\/aquasmart.com.pl\/wp-content\/uploads\/2024\/04\/kolektory-elektrozaworow-1024x576.jpg\" class=\"attachment-large size-large\" alt=\"\" srcset=\"http:\/\/aquasmart.com.pl\/wp-content\/uploads\/2024\/04\/kolektory-elektrozaworow-1024x576.jpg 1024w, http:\/\/aquasmart.com.pl\/wp-content\/uploads\/2024\/04\/kolektory-elektrozaworow-300x169.jpg 300w, http:\/\/aquasmart.com.pl\/wp-content\/uploads\/2024\/04\/kolektory-elektrozaworow-768x432.jpg 768w, http:\/\/aquasmart.com.pl\/wp-content\/uploads\/2024\/04\/kolektory-elektrozaworow-1536x864.jpg 1536w, http:\/\/aquasmart.com.pl\/wp-content\/uploads\/2024\/04\/kolektory-elektrozaworow.jpg 1599w\" sizes=\"auto, (max-width: 843px) 100vw, 843px\" \/>\t\t\t\t\t\t\t\t\t\t\t\t\t\t\t<\/div>\n\t\t\t\t<\/div>\n\t\t\t\t<div class=\"elementor-element elementor-element-47a8b80 elementor-widget elementor-widget-image\" data-id=\"47a8b80\" data-element_type=\"widget\" data-widget_type=\"image.default\">\n\t\t\t\t<div class=\"elementor-widget-container\">\n\t\t\t\t\t\t\t\t\t\t\t\t\t\t\t<img loading=\"lazy\" decoding=\"async\" width=\"843\" height=\"474\" src=\"http:\/\/aquasmart.com.pl\/wp-content\/uploads\/2024\/04\/kolektory-czujnikowy-1-1024x576.jpg\" class=\"attachment-large size-large\" alt=\"\" srcset=\"http:\/\/aquasmart.com.pl\/wp-content\/uploads\/2024\/04\/kolektory-czujnikowy-1-1024x576.jpg 1024w, http:\/\/aquasmart.com.pl\/wp-content\/uploads\/2024\/04\/kolektory-czujnikowy-1-300x169.jpg 300w, http:\/\/aquasmart.com.pl\/wp-content\/uploads\/2024\/04\/kolektory-czujnikowy-1-768x432.jpg 768w, http:\/\/aquasmart.com.pl\/wp-content\/uploads\/2024\/04\/kolektory-czujnikowy-1-1536x864.jpg 1536w, http:\/\/aquasmart.com.pl\/wp-content\/uploads\/2024\/04\/kolektory-czujnikowy-1.jpg 1599w\" sizes=\"auto, (max-width: 843px) 100vw, 843px\" \/>\t\t\t\t\t\t\t\t\t\t\t\t\t\t\t<\/div>\n\t\t\t\t<\/div>\n\t\t\t\t<div class=\"elementor-element elementor-element-142e2d0 elementor-widget elementor-widget-image\" data-id=\"142e2d0\" data-element_type=\"widget\" data-widget_type=\"image.default\">\n\t\t\t\t<div class=\"elementor-widget-container\">\n\t\t\t\t\t\t\t\t\t\t\t\t\t\t\t<img loading=\"lazy\" decoding=\"async\" width=\"843\" height=\"474\" src=\"http:\/\/aquasmart.com.pl\/wp-content\/uploads\/2024\/01\/WhatsApp-Image-2023-06-24-at-11.00.25_65f5c9ae-1024x576.jpg\" class=\"attachment-large size-large\" alt=\"\" srcset=\"http:\/\/aquasmart.com.pl\/wp-content\/uploads\/2024\/01\/WhatsApp-Image-2023-06-24-at-11.00.25_65f5c9ae-1024x576.jpg 1024w, http:\/\/aquasmart.com.pl\/wp-content\/uploads\/2024\/01\/WhatsApp-Image-2023-06-24-at-11.00.25_65f5c9ae-300x169.jpg 300w, http:\/\/aquasmart.com.pl\/wp-content\/uploads\/2024\/01\/WhatsApp-Image-2023-06-24-at-11.00.25_65f5c9ae-768x432.jpg 768w, http:\/\/aquasmart.com.pl\/wp-content\/uploads\/2024\/01\/WhatsApp-Image-2023-06-24-at-11.00.25_65f5c9ae-1536x864.jpg 1536w, http:\/\/aquasmart.com.pl\/wp-content\/uploads\/2024\/01\/WhatsApp-Image-2023-06-24-at-11.00.25_65f5c9ae.jpg 1599w\" sizes=\"auto, (max-width: 843px) 100vw, 843px\" \/>\t\t\t\t\t\t\t\t\t\t\t\t\t\t\t<\/div>\n\t\t\t\t<\/div>\n\t\t\t\t\t<\/div>\n\t\t<\/div>\n\t\t\t\t\t\t\t<\/div>\n\t\t<\/section>\n\t\t\t\t<section class=\"elementor-section elementor-top-section elementor-element elementor-element-03bcbf1 elementor-section-height-min-height elementor-section-boxed elementor-section-height-default elementor-section-items-middle\" data-id=\"03bcbf1\" data-element_type=\"section\">\n\t\t\t\t\t\t<div class=\"elementor-container elementor-column-gap-default\">\n\t\t\t\t\t<div class=\"elementor-column elementor-col-100 elementor-top-column elementor-element elementor-element-25f4a4c\" data-id=\"25f4a4c\" data-element_type=\"column\">\n\t\t\t<div class=\"elementor-widget-wrap elementor-element-populated\">\n\t\t\t\t\t\t\t\t<div class=\"elementor-element elementor-element-c6c7ae7 elementor-widget elementor-widget-heading\" data-id=\"c6c7ae7\" data-element_type=\"widget\" data-widget_type=\"heading.default\">\n\t\t\t\t<div class=\"elementor-widget-container\">\n\t\t\t<h2 class=\"elementor-heading-title elementor-size-default\">Stacje uzdatniania wody<\/h2>\t\t<\/div>\n\t\t\t\t<\/div>\n\t\t\t\t\t<\/div>\n\t\t<\/div>\n\t\t\t\t\t\t\t<\/div>\n\t\t<\/section>\n\t\t\t\t<section class=\"elementor-section elementor-top-section elementor-element elementor-element-1be97f4 elementor-section-boxed elementor-section-height-default elementor-section-height-default\" data-id=\"1be97f4\" data-element_type=\"section\">\n\t\t\t\t\t\t<div class=\"elementor-container elementor-column-gap-default\">\n\t\t\t\t\t<div class=\"elementor-column elementor-col-100 elementor-top-column elementor-element elementor-element-ac65f91\" data-id=\"ac65f91\" data-element_type=\"column\">\n\t\t\t<div class=\"elementor-widget-wrap elementor-element-populated\">\n\t\t\t\t\t\t\t\t<div class=\"elementor-element elementor-element-da42822 elementor-widget elementor-widget-text-editor\" data-id=\"da42822\" data-element_type=\"widget\" data-widget_type=\"text-editor.default\">\n\t\t\t\t<div class=\"elementor-widget-container\">\n\t\t\t\t\t\t\t<p>Schematy technologiczne zastosowane w systemach AquaSmart opieraj\u0105 si\u0119 na najnowszych \u015bwiatowych rozwi\u0105zaniach w obszarze filtracji i pozwalaj\u0105 na uzyskanie bardzo dobrych parametr\u00f3w jako\u015bciowych wody. S\u0105 to\u00a0 zazwyczaj procesy wieloetapowe zale\u017cne od rodzaju zanieczyszcze\u0144 wyst\u0119puj\u0105cych w uzdatnianej wodzie oraz wymog\u00f3w technologicznych proces\u00f3w przemys\u0142owych. Automatyzacja proces\u00f3w uzdatniania pozwala wyd\u0142u\u017cy\u0107 okres eksploatacji urz\u0105dza\u0144 oraz zmniejszy\u0107 cz\u0119stotliwo\u015b\u0107 czynno\u015bci konserwacyjnych.<\/p>\t\t\t\t\t\t<\/div>\n\t\t\t\t<\/div>\n\t\t\t\t\t<\/div>\n\t\t<\/div>\n\t\t\t\t\t\t\t<\/div>\n\t\t<\/section>\n\t\t\t\t<section class=\"elementor-section elementor-top-section elementor-element elementor-element-cb48f41 elementor-section-boxed elementor-section-height-default elementor-section-height-default\" data-id=\"cb48f41\" data-element_type=\"section\">\n\t\t\t\t\t\t<div class=\"elementor-container elementor-column-gap-default\">\n\t\t\t\t\t<div class=\"elementor-column elementor-col-100 elementor-top-column elementor-element elementor-element-572b1fc\" data-id=\"572b1fc\" data-element_type=\"column\">\n\t\t\t<div class=\"elementor-widget-wrap elementor-element-populated\">\n\t\t\t\t\t\t\t\t<div class=\"elementor-element elementor-element-92d18d4 elementor-widget elementor-widget-image\" data-id=\"92d18d4\" data-element_type=\"widget\" data-widget_type=\"image.default\">\n\t\t\t\t<div class=\"elementor-widget-container\">\n\t\t\t\t\t\t\t\t\t\t\t\t\t\t\t<img loading=\"lazy\" decoding=\"async\" width=\"843\" height=\"363\" src=\"http:\/\/aquasmart.com.pl\/wp-content\/uploads\/2024\/04\/oczyszczalnia-1-1024x441.png\" class=\"attachment-large size-large\" alt=\"\" srcset=\"http:\/\/aquasmart.com.pl\/wp-content\/uploads\/2024\/04\/oczyszczalnia-1-1024x441.png 1024w, http:\/\/aquasmart.com.pl\/wp-content\/uploads\/2024\/04\/oczyszczalnia-1-300x129.png 300w, http:\/\/aquasmart.com.pl\/wp-content\/uploads\/2024\/04\/oczyszczalnia-1-768x331.png 768w, http:\/\/aquasmart.com.pl\/wp-content\/uploads\/2024\/04\/oczyszczalnia-1.png 1536w\" sizes=\"auto, (max-width: 843px) 100vw, 843px\" \/>\t\t\t\t\t\t\t\t\t\t\t\t\t\t\t<\/div>\n\t\t\t\t<\/div>\n\t\t\t\t\t<\/div>\n\t\t<\/div>\n\t\t\t\t\t\t\t<\/div>\n\t\t<\/section>\n\t\t\t\t<section class=\"elementor-section elementor-top-section elementor-element elementor-element-6383bb8 elementor-section-boxed elementor-section-height-default elementor-section-height-default\" data-id=\"6383bb8\" data-element_type=\"section\">\n\t\t\t\t\t\t<div class=\"elementor-container elementor-column-gap-default\">\n\t\t\t\t\t<div class=\"elementor-column elementor-col-50 elementor-top-column elementor-element elementor-element-2eb20d1\" data-id=\"2eb20d1\" data-element_type=\"column\">\n\t\t\t<div class=\"elementor-widget-wrap elementor-element-populated\">\n\t\t\t\t\t\t\t\t<div class=\"elementor-element elementor-element-184d701 elementor-widget elementor-widget-image\" data-id=\"184d701\" data-element_type=\"widget\" data-widget_type=\"image.default\">\n\t\t\t\t<div class=\"elementor-widget-container\">\n\t\t\t\t\t\t\t\t\t\t\t\t\t\t\t<img loading=\"lazy\" decoding=\"async\" width=\"576\" height=\"1024\" src=\"http:\/\/aquasmart.com.pl\/wp-content\/uploads\/2024\/04\/Zewnetrzne-szafy-funkcyjne-576x1024.jpg\" class=\"attachment-large size-large\" alt=\"\" srcset=\"http:\/\/aquasmart.com.pl\/wp-content\/uploads\/2024\/04\/Zewnetrzne-szafy-funkcyjne-576x1024.jpg 576w, http:\/\/aquasmart.com.pl\/wp-content\/uploads\/2024\/04\/Zewnetrzne-szafy-funkcyjne-169x300.jpg 169w, http:\/\/aquasmart.com.pl\/wp-content\/uploads\/2024\/04\/Zewnetrzne-szafy-funkcyjne-768x1366.jpg 768w, http:\/\/aquasmart.com.pl\/wp-content\/uploads\/2024\/04\/Zewnetrzne-szafy-funkcyjne-864x1536.jpg 864w, http:\/\/aquasmart.com.pl\/wp-content\/uploads\/2024\/04\/Zewnetrzne-szafy-funkcyjne-e1714397612786.jpg 500w\" sizes=\"auto, (max-width: 576px) 100vw, 576px\" \/>\t\t\t\t\t\t\t\t\t\t\t\t\t\t\t<\/div>\n\t\t\t\t<\/div>\n\t\t\t\t\t<\/div>\n\t\t<\/div>\n\t\t\t\t<div class=\"elementor-column elementor-col-50 elementor-top-column elementor-element elementor-element-fa08644\" data-id=\"fa08644\" data-element_type=\"column\">\n\t\t\t<div class=\"elementor-widget-wrap elementor-element-populated\">\n\t\t\t\t\t\t\t\t<div class=\"elementor-element elementor-element-8c43b7d elementor-widget elementor-widget-image\" data-id=\"8c43b7d\" data-element_type=\"widget\" data-widget_type=\"image.default\">\n\t\t\t\t<div class=\"elementor-widget-container\">\n\t\t\t\t\t\t\t\t\t\t\t\t\t\t\t<img loading=\"lazy\" decoding=\"async\" width=\"843\" height=\"474\" src=\"http:\/\/aquasmart.com.pl\/wp-content\/uploads\/2024\/01\/membrany-uf-1-1024x576.jpg\" class=\"attachment-large size-large\" alt=\"\" srcset=\"http:\/\/aquasmart.com.pl\/wp-content\/uploads\/2024\/01\/membrany-uf-1-1024x576.jpg 1024w, http:\/\/aquasmart.com.pl\/wp-content\/uploads\/2024\/01\/membrany-uf-1-300x169.jpg 300w, http:\/\/aquasmart.com.pl\/wp-content\/uploads\/2024\/01\/membrany-uf-1-768x432.jpg 768w, http:\/\/aquasmart.com.pl\/wp-content\/uploads\/2024\/01\/membrany-uf-1-1536x864.jpg 1536w, http:\/\/aquasmart.com.pl\/wp-content\/uploads\/2024\/01\/membrany-uf-1.jpg 1599w\" sizes=\"auto, (max-width: 843px) 100vw, 843px\" \/>\t\t\t\t\t\t\t\t\t\t\t\t\t\t\t<\/div>\n\t\t\t\t<\/div>\n\t\t\t\t<div class=\"elementor-element elementor-element-7164be4 elementor-widget elementor-widget-image\" data-id=\"7164be4\" data-element_type=\"widget\" data-widget_type=\"image.default\">\n\t\t\t\t<div class=\"elementor-widget-container\">\n\t\t\t\t\t\t\t\t\t\t\t\t\t\t\t<img loading=\"lazy\" decoding=\"async\" width=\"576\" height=\"1024\" src=\"http:\/\/aquasmart.com.pl\/wp-content\/uploads\/2024\/01\/lampy-UV-576x1024.jpg\" class=\"attachment-large size-large\" alt=\"\" srcset=\"http:\/\/aquasmart.com.pl\/wp-content\/uploads\/2024\/01\/lampy-UV-576x1024.jpg 576w, http:\/\/aquasmart.com.pl\/wp-content\/uploads\/2024\/01\/lampy-UV-768x1365.jpg 768w, http:\/\/aquasmart.com.pl\/wp-content\/uploads\/2024\/01\/lampy-UV-864x1536.jpg 864w\" sizes=\"auto, (max-width: 576px) 100vw, 576px\" \/>\t\t\t\t\t\t\t\t\t\t\t\t\t\t\t<\/div>\n\t\t\t\t<\/div>\n\t\t\t\t\t<\/div>\n\t\t<\/div>\n\t\t\t\t\t\t\t<\/div>\n\t\t<\/section>\n\t\t\t\t\t\t\t<\/div>\n\t\t","protected":false},"excerpt":{"rendered":"<p>Instalacje zarz\u0105dzania wod\u0105 W ofercie firmy dla u\u017cytkownik\u00f3w komercyjnych s\u0105 systemy z wieloma obiegami wody. Mo\u017ce to by\u0107 woda produkcyjna, wodoci\u0105gowa, deszczowa, kanalizacyjna. Systemy serowania&hellip;<\/p>\n","protected":false},"author":1,"featured_media":0,"parent":0,"menu_order":0,"comment_status":"closed","ping_status":"closed","template":"","meta":{"om_disable_all_campaigns":false,"_monsterinsights_skip_tracking":false,"_monsterinsights_sitenote_active":false,"_monsterinsights_sitenote_note":"","_monsterinsights_sitenote_category":0,"_uf_show_specific_survey":0,"_uf_disable_surveys":false,"footnotes":""},"class_list":["post-4750","page","type-page","status-publish","hentry"],"_links":{"self":[{"href":"http:\/\/aquasmart.com.pl\/index.php?rest_route=\/wp\/v2\/pages\/4750","targetHints":{"allow":["GET"]}}],"collection":[{"href":"http:\/\/aquasmart.com.pl\/index.php?rest_route=\/wp\/v2\/pages"}],"about":[{"href":"http:\/\/aquasmart.com.pl\/index.php?rest_route=\/wp\/v2\/types\/page"}],"author":[{"embeddable":true,"href":"http:\/\/aquasmart.com.pl\/index.php?rest_route=\/wp\/v2\/users\/1"}],"replies":[{"embeddable":true,"href":"http:\/\/aquasmart.com.pl\/index.php?rest_route=%2Fwp%2Fv2%2Fcomments&post=4750"}],"version-history":[{"count":25,"href":"http:\/\/aquasmart.com.pl\/index.php?rest_route=\/wp\/v2\/pages\/4750\/revisions"}],"predecessor-version":[{"id":5118,"href":"http:\/\/aquasmart.com.pl\/index.php?rest_route=\/wp\/v2\/pages\/4750\/revisions\/5118"}],"wp:attachment":[{"href":"http:\/\/aquasmart.com.pl\/index.php?rest_route=%2Fwp%2Fv2%2Fmedia&parent=4750"}],"curies":[{"name":"wp","href":"https:\/\/api.w.org\/{rel}","templated":true}]}}